{"id":2679,"date":"2021-02-22T12:26:40","date_gmt":"2021-02-22T10:26:40","guid":{"rendered":"http:\/\/apsaugos.lt\/?product=import-placeholder-for-8671"},"modified":"2021-02-22T12:26:42","modified_gmt":"2021-02-22T10:26:42","slug":"kelio-uztvaro-kliuties-radaras-ssg-kr6","status":"publish","type":"product","link":"https:\/\/apsaugos.lt\/?product=kelio-uztvaro-kliuties-radaras-ssg-kr6","title":{"rendered":"Kelio u\u017etvaro kli\u016bties radaras  SSG-KR6"},"content":{"rendered":"<p>Veikimo da\u017enis: 24 GHz;<br \/>\nVertikalus aptikimo plotis ( kampas ) : 43 \u00b0;<br \/>\nHorizontalus aptikimo plotis ( kampas ) : 11 \u00b0;<br \/>\nVeikimo diapazonas: 0 m \uff5e 6 m;<br \/>\nAtstumo reguliavimo diapazonas: 2,0 m \uff5e 6 m (8 lygiai);<br \/>\nSuveikimo laiko intervalas: 100 ms;<br \/>\nSignalo i\u0161vestis ( i\u0161\u0117jimas ) : perjungimo vert\u0117 NO -NC sausas relinis<\/p>\n<p>Matmenys: 105 mm \u00d7 78 mm \u00d7 26 mm;<br \/>\nSvoris: 85g;<br \/>\nIP klas\u0117: IP65<br \/>\nMaitinimo \u012ftampa: DC 6V \uff5e 18V<br \/>\nMaitinimo srov\u0117: ma\u017eesn\u0117 nei 90 mA \/ 12V.<br \/>\nDarbin\u0117 temperat\u016bra: -40 \u2103 + 85 \u2103;<br \/>\nDr\u0117gm\u0117: santykin\u0117 dr\u0117gm\u0117 99%, esant 25 \u2103.<\/p>\n","protected":false},"excerpt":{"rendered":"<p>Ultragarsinis radaras skirtas atlikti IR barjero vaidmen\u012f , aptinka kli\u016bt\u012f po u\u017etvaro kartimi. Puikus pasirinkimas mi\u0161raus transporto teritorijose . Puikiai tinka sunkiajam transportui , sunkv\u0117\u017eiams . Nereikalauja aptarnavimo tiek sningant ar lyjant.<\/p>\n","protected":false},"featured_media":1501,"comment_status":"closed","ping_status":"closed","template":"","meta":[],"product_brand":[],"product_cat":[105,268],"product_tag":[109,269,18,270],"class_list":{"0":"post-2679","1":"product","2":"type-product","3":"status-publish","4":"has-post-thumbnail","6":"product_cat-priedai","7":"product_cat-radarai","8":"product_tag-kelio-uztvaras","9":"product_tag-radaras","10":"product_tag-slagbaumas","11":"product_tag-ssg-kr6","13":"first","14":"instock","15":"shipping-taxable","16":"purchasable","17":"product-type-simple"},"jetpack_sharing_enabled":true,"_links":{"self":[{"href":"https:\/\/apsaugos.lt\/index.php?rest_route=\/wp\/v2\/product\/2679","targetHints":{"allow":["GET"]}}],"collection":[{"href":"https:\/\/apsaugos.lt\/index.php?rest_route=\/wp\/v2\/product"}],"about":[{"href":"https:\/\/apsaugos.lt\/index.php?rest_route=\/wp\/v2\/types\/product"}],"replies":[{"embeddable":true,"href":"https:\/\/apsaugos.lt\/index.php?rest_route=%2Fwp%2Fv2%2Fcomments&post=2679"}],"wp:featuredmedia":[{"embeddable":true,"href":"https:\/\/apsaugos.lt\/index.php?rest_route=\/wp\/v2\/media\/1501"}],"wp:attachment":[{"href":"https:\/\/apsaugos.lt\/index.php?rest_route=%2Fwp%2Fv2%2Fmedia&parent=2679"}],"wp:term":[{"taxonomy":"product_brand","embeddable":true,"href":"https:\/\/apsaugos.lt\/index.php?rest_route=%2Fwp%2Fv2%2Fproduct_brand&post=2679"},{"taxonomy":"product_cat","embeddable":true,"href":"https:\/\/apsaugos.lt\/index.php?rest_route=%2Fwp%2Fv2%2Fproduct_cat&post=2679"},{"taxonomy":"product_tag","embeddable":true,"href":"https:\/\/apsaugos.lt\/index.php?rest_route=%2Fwp%2Fv2%2Fproduct_tag&post=2679"}],"curies":[{"name":"wp","href":"https:\/\/api.w.org\/{rel}","templated":true}]}}