{"id":2682,"date":"2021-02-22T12:26:40","date_gmt":"2021-02-22T10:26:40","guid":{"rendered":"http:\/\/apsaugos.lt\/?product=import-placeholder-for-8700"},"modified":"2021-03-09T20:38:00","modified_gmt":"2021-03-09T18:38:00","slug":"ismanioji-kodine-spyna-smart-ttlock","status":"publish","type":"product","link":"https:\/\/apsaugos.lt\/?product=ismanioji-kodine-spyna-smart-ttlock","title":{"rendered":"I\u0161manioji Kodin\u0117 Spyna SMART TTLOCK"},"content":{"rendered":"<table width=\"700\">\n<tbody>\n<tr>\n<td align=\"left\">Tipas<\/td>\n<td align=\"left\">Bluetooth&amp;Fingerprint<\/td>\n<\/tr>\n<tr>\n<td align=\"left\">Valdoma<\/td>\n<td align=\"left\">Pir\u0161to antspaudu, telefonu, magnetin\u0117mis kortel\u0117mis, PIN kodais<\/td>\n<\/tr>\n<tr>\n<td align=\"left\">Nuotolinis valdymas<\/td>\n<td align=\"left\">Taip, Wi-Fi, Bluetooth \u2013 reikia WiFi valdiklio papildomai *Valdiklis<\/td>\n<\/tr>\n<tr>\n<td align=\"left\">Spalva<\/td>\n<td align=\"left\">Pilna + juoda<\/td>\n<\/tr>\n<tr>\n<td align=\"left\">Maitinimas<\/td>\n<td align=\"left\">12V DC<\/td>\n<\/tr>\n<tr>\n<td align=\"left\">Med\u017eiaga<\/td>\n<td align=\"left\">Aliuminis metalas + stiklas<\/td>\n<\/tr>\n<tr>\n<td align=\"left\">Veikimo temperat\u016bra<\/td>\n<td align=\"left\">-20\u2103+70\u2103 IP66<\/td>\n<\/tr>\n<tr>\n<td align=\"left\">I\u0161matavimai<\/td>\n<td align=\"left\">Plotis 79mm* auk\u0161tis 125mm* storis 15.5mm<\/td>\n<\/tr>\n<\/tbody>\n<\/table>\n<p><iframe title=\"I\u0161manioji Kodin\u0117 Spyna SMART TTLOCK\" width=\"640\" height=\"360\" src=\"https:\/\/www.youtube.com\/embed\/MN2XrUd7jvg?feature=oembed\" frameborder=\"0\" allow=\"accelerometer; autoplay; clipboard-write; encrypted-media; gyroscope; picture-in-picture; web-share\" referrerpolicy=\"strict-origin-when-cross-origin\" allowfullscreen><\/iframe><\/p>\n","protected":false},"excerpt":{"rendered":"<p>I\u0161manioji kodin\u0117 spyna skirta ofiso, nedidelio vie\u0161bu\u010dio ar nuomojamos patalpos pra\u0117jimo kontrolei. Lengvas ir patogus administravimas , bei pla\u010dios naudojimosi galimyb\u0117s.<\/p>\n<p>&nbsp;<\/p>\n","protected":false},"featured_media":1504,"comment_status":"closed","ping_status":"closed","template":"","meta":[],"product_brand":[],"product_cat":[275,276],"product_tag":[286,445,446,444,442,443,277,447,278],"class_list":{"0":"post-2682","1":"product","2":"type-product","3":"status-publish","4":"has-post-thumbnail","6":"product_cat-ismanios-spynos","7":"product_cat-ismaniosios-spynos","8":"product_tag-ismanioji-kodine-spyna","9":"product_tag-ismanioji-kodine-spyna-k2","10":"product_tag-ismanioji-kodine-spyna-smart-ttlock","11":"product_tag-ismaniosios-spynos","12":"product_tag-kodine-k2","13":"product_tag-kodine-klaviatura-k2","14":"product_tag-smart-ttlock","15":"product_tag-tthotel","16":"product_tag-ttlock","18":"first","19":"instock","20":"shipping-taxable","21":"purchasable","22":"product-type-simple"},"jetpack_sharing_enabled":true,"_links":{"self":[{"href":"https:\/\/apsaugos.lt\/index.php?rest_route=\/wp\/v2\/product\/2682","targetHints":{"allow":["GET"]}}],"collection":[{"href":"https:\/\/apsaugos.lt\/index.php?rest_route=\/wp\/v2\/product"}],"about":[{"href":"https:\/\/apsaugos.lt\/index.php?rest_route=\/wp\/v2\/types\/product"}],"replies":[{"embeddable":true,"href":"https:\/\/apsaugos.lt\/index.php?rest_route=%2Fwp%2Fv2%2Fcomments&post=2682"}],"wp:featuredmedia":[{"embeddable":true,"href":"https:\/\/apsaugos.lt\/index.php?rest_route=\/wp\/v2\/media\/1504"}],"wp:attachment":[{"href":"https:\/\/apsaugos.lt\/index.php?rest_route=%2Fwp%2Fv2%2Fmedia&parent=2682"}],"wp:term":[{"taxonomy":"product_brand","embeddable":true,"href":"https:\/\/apsaugos.lt\/index.php?rest_route=%2Fwp%2Fv2%2Fproduct_brand&post=2682"},{"taxonomy":"product_cat","embeddable":true,"href":"https:\/\/apsaugos.lt\/index.php?rest_route=%2Fwp%2Fv2%2Fproduct_cat&post=2682"},{"taxonomy":"product_tag","embeddable":true,"href":"https:\/\/apsaugos.lt\/index.php?rest_route=%2Fwp%2Fv2%2Fproduct_tag&post=2682"}],"curies":[{"name":"wp","href":"https:\/\/api.w.org\/{rel}","templated":true}]}}