{"id":2683,"date":"2021-02-22T12:26:40","date_gmt":"2021-02-22T10:26:40","guid":{"rendered":"http:\/\/apsaugos.lt\/?product=import-placeholder-for-8701"},"modified":"2021-02-22T12:26:43","modified_gmt":"2021-02-22T10:26:43","slug":"ismanioji-spyna-liliwise-s31b-scandi","status":"publish","type":"product","link":"https:\/\/apsaugos.lt\/?product=ismanioji-spyna-liliwise-s31b-scandi","title":{"rendered":"I\u0161manioji Spyna Liliwise S31B Scandi"},"content":{"rendered":"<ul>\n<li>Dur\u0173 storumas: 30-80MM<\/li>\n<li>Spynos korpusas: All Smart mortise(only if Square Spindle fit)<\/li>\n<li>Veikimo temperat\u016bra: -20\u2103 iki +70\u2103<\/li>\n<li>\u012etampa: 6V\uff084*AAA tipo baterijos\uff09<\/li>\n<li>\u012esp\u0117jimas senkant baterijoms: ma\u017eiau nei 4.8V<\/li>\n<li>Baterij\u0173 tarnavimas: &gt;3000 dur\u0173 atidarym\u0173<\/li>\n<li>EL. kortel\u0117: M1 Card(13.56MHz)<\/li>\n<li>Duomen\u0173 kiekiai: Pir\u0161to antspaud\u0173 200vnt; El. rakt\u0173 n\u0117ra limito; Individuali\u0173 kod\u0173: 150vnt + kortel\u0117s: 200vnt<\/li>\n<li>Pir\u0161to antspaud\u0173 skaitytuvas\uff1aSemi-Conductor<\/li>\n<li>Pakuot\u0117s matmenys: 380 x 120 x 245 mm<\/li>\n<\/ul>\n<p><strong>Pakuot\u0117je:<\/strong><\/p>\n<ul>\n<li>1vnt I\u0161manioji spyna, be HUB (HUB parduodamas atskirai)<\/li>\n<li>3vnt MiFARE kortel\u0117s<\/li>\n<li>3vnt mech. raktai<\/li>\n<li>Tvirtinino var\u017etai ir sujungimo dalys<\/li>\n<\/ul>\n<p><strong>Spynos korpuso n\u0117ra komplekte<\/strong><\/p>\n","protected":false},"excerpt":{"rendered":"<p>Tai naujo dizaino i\u0161manioji dur\u0173 spyna, kurios korpuso plotis yra tik 38 mm, tinka bet kokioms aliumin\u0117ms\/PVC durims, kuri\u0173 r\u0117mas yra didesnis nei 46 mm. \u0160i spyna, taip pat, gali b\u016bti naudojama medin\u0117ms ir \u0161arvo durims, ir tinka daugumai spyn\u0173 korpus\u0173.<\/p>\n","protected":false},"featured_media":1505,"comment_status":"closed","ping_status":"closed","template":"","meta":[],"product_brand":[],"product_cat":[275,276],"product_tag":[279,280,281],"class_list":{"0":"post-2683","1":"product","2":"type-product","3":"status-publish","4":"has-post-thumbnail","6":"product_cat-ismanios-spynos","7":"product_cat-ismaniosios-spynos","8":"product_tag-liliwise","9":"product_tag-liliwise-s31b-scandi","10":"product_tag-s31b-scandi","12":"first","13":"instock","14":"shipping-taxable","15":"purchasable","16":"product-type-simple"},"jetpack_sharing_enabled":true,"_links":{"self":[{"href":"https:\/\/apsaugos.lt\/index.php?rest_route=\/wp\/v2\/product\/2683","targetHints":{"allow":["GET"]}}],"collection":[{"href":"https:\/\/apsaugos.lt\/index.php?rest_route=\/wp\/v2\/product"}],"about":[{"href":"https:\/\/apsaugos.lt\/index.php?rest_route=\/wp\/v2\/types\/product"}],"replies":[{"embeddable":true,"href":"https:\/\/apsaugos.lt\/index.php?rest_route=%2Fwp%2Fv2%2Fcomments&post=2683"}],"wp:featuredmedia":[{"embeddable":true,"href":"https:\/\/apsaugos.lt\/index.php?rest_route=\/wp\/v2\/media\/1505"}],"wp:attachment":[{"href":"https:\/\/apsaugos.lt\/index.php?rest_route=%2Fwp%2Fv2%2Fmedia&parent=2683"}],"wp:term":[{"taxonomy":"product_brand","embeddable":true,"href":"https:\/\/apsaugos.lt\/index.php?rest_route=%2Fwp%2Fv2%2Fproduct_brand&post=2683"},{"taxonomy":"product_cat","embeddable":true,"href":"https:\/\/apsaugos.lt\/index.php?rest_route=%2Fwp%2Fv2%2Fproduct_cat&post=2683"},{"taxonomy":"product_tag","embeddable":true,"href":"https:\/\/apsaugos.lt\/index.php?rest_route=%2Fwp%2Fv2%2Fproduct_tag&post=2683"}],"curies":[{"name":"wp","href":"https:\/\/api.w.org\/{rel}","templated":true}]}}