{"id":2686,"date":"2021-02-22T12:26:40","date_gmt":"2021-02-22T10:26:40","guid":{"rendered":"http:\/\/apsaugos.lt\/?product=import-placeholder-for-8708"},"modified":"2021-02-22T12:26:43","modified_gmt":"2021-02-22T10:26:43","slug":"ismanioji-kodine-spyna-e15-stiklo-durims","status":"publish","type":"product","link":"https:\/\/apsaugos.lt\/?product=ismanioji-kodine-spyna-e15-stiklo-durims","title":{"rendered":"I\u0161manioji Kodin\u0117 Spyna E15, Stiklo Durims"},"content":{"rendered":"<ul>\n<li>Maitinimo \u012ftampa:\u00a04x AA baterijos (6V)<\/li>\n<li>Energijos s\u0105naudos &#8211; bud\u0117jimas \/ darbas:\u00a05mA \/ 1A<\/li>\n<li>Korpuso med\u017eiaga:\u00a0Aliuminis korpusas\/Gr\u016bdintas stiklas<\/li>\n<li>Klaviat\u016bra:\u00a0lietimui jautrus stiklas su \u0161vie\u010dian\u010diais skai\u010diais<\/li>\n<li>Klaviat\u016bros paspaudimo reagavimo laikas:\u00a00,1s<\/li>\n<li>I\u0161leidimo impulso trukm\u0117:\u00a05s (galima keisti per aplikacij\u0105)<\/li>\n<li>Atst\u016bminis skaitytuvas: MIFARE 13,56MHz<\/li>\n<li>El. rakt\u0173 kiekis atmintyje:\u00a020000 korteli\u0173<\/li>\n<li>Atidarymo b\u016bdai:\u00a0Bluetooth su aplikacija, pir\u0161to antspaudas, kodu, kortele, nuotoliniu b\u016bdu<\/li>\n<li>Bluetooth:\u00a0Android 4,3 \/IOS 7,0 ir naujesn\u0117s<\/li>\n<li>Temperat\u016bros diapazonas:\u00a0-20\u00baC ~ + 70\u00baC<\/li>\n<li>Leistina darbin\u0117 dr\u0117gm\u0117:\u00a020~90%<\/li>\n<li>Apsaugos faktorius:\u00a0IP66<\/li>\n<li>Korpuso matmenys:\u00a0125 x 79 x 15,5 mm(A x P x G)<\/li>\n<li>Montavimo tipas:\u00a0vir\u0161tinkinis, ant stiklo<\/li>\n<\/ul>\n","protected":false},"excerpt":{"rendered":"<p>E15\u201c kombinuotas u\u017eraktas veikiantis su \u201eTTLock\u201c mobili\u0105ja programa ir yra skirtas stiklin\u0117ms durims, kuri\u0173 storis 10-15mm. Jis gali dirbti savaranki\u0161kai, taip pat, kaip platesn\u0117s sistemos dalis. Prieigos kontrol\u0119 galima valdyti nuotoliniu b\u016bdu, naudojant i\u0161man\u0173j\u012f telefon\u0105 arba fizi\u0161kai naudojant el. rakto kortel\u0119 (veikiant\u012f \u201eMifare 13,56 MHz\u201c standarte) arba surenkant skaitmenin\u012f PIN kod\u0105. Visos \u012frenginio funkcijos yra suderintos su \u201eiOS\u201c ir \u201eAndroid\u201c platformomis, naudojant mobili\u0105j\u0105 program\u0105 \u201eTTLock\u201c, kuri palaiko ry\u0161\u012f naudodama \u201eBluetooth\u201c standart\u0105. Programa leid\u017eia Jums suteikti leidimus kitiems vartotojams, generuoti PIN kodus ir si\u0173sti juos, SMS \u017einute, bei kitomis internete populiariomis susira\u0161in\u0117jimo aplikacijomis.<\/p>\n","protected":false},"featured_media":1508,"comment_status":"closed","ping_status":"closed","template":"","meta":[],"product_brand":[],"product_cat":[275,276],"product_tag":[286,287],"class_list":{"0":"post-2686","1":"product","2":"type-product","3":"status-publish","4":"has-post-thumbnail","6":"product_cat-ismanios-spynos","7":"product_cat-ismaniosios-spynos","8":"product_tag-ismanioji-kodine-spyna","9":"product_tag-ismanioji-kodine-spyna-e15","11":"first","12":"instock","13":"shipping-taxable","14":"purchasable","15":"product-type-simple"},"jetpack_sharing_enabled":true,"_links":{"self":[{"href":"https:\/\/apsaugos.lt\/index.php?rest_route=\/wp\/v2\/product\/2686","targetHints":{"allow":["GET"]}}],"collection":[{"href":"https:\/\/apsaugos.lt\/index.php?rest_route=\/wp\/v2\/product"}],"about":[{"href":"https:\/\/apsaugos.lt\/index.php?rest_route=\/wp\/v2\/types\/product"}],"replies":[{"embeddable":true,"href":"https:\/\/apsaugos.lt\/index.php?rest_route=%2Fwp%2Fv2%2Fcomments&post=2686"}],"wp:featuredmedia":[{"embeddable":true,"href":"https:\/\/apsaugos.lt\/index.php?rest_route=\/wp\/v2\/media\/1508"}],"wp:attachment":[{"href":"https:\/\/apsaugos.lt\/index.php?rest_route=%2Fwp%2Fv2%2Fmedia&parent=2686"}],"wp:term":[{"taxonomy":"product_brand","embeddable":true,"href":"https:\/\/apsaugos.lt\/index.php?rest_route=%2Fwp%2Fv2%2Fproduct_brand&post=2686"},{"taxonomy":"product_cat","embeddable":true,"href":"https:\/\/apsaugos.lt\/index.php?rest_route=%2Fwp%2Fv2%2Fproduct_cat&post=2686"},{"taxonomy":"product_tag","embeddable":true,"href":"https:\/\/apsaugos.lt\/index.php?rest_route=%2Fwp%2Fv2%2Fproduct_tag&post=2686"}],"curies":[{"name":"wp","href":"https:\/\/api.w.org\/{rel}","templated":true}]}}