{"id":2687,"date":"2021-02-22T12:26:40","date_gmt":"2021-02-22T10:26:40","guid":{"rendered":"http:\/\/apsaugos.lt\/?product=import-placeholder-for-8710"},"modified":"2021-02-22T12:26:44","modified_gmt":"2021-02-22T10:26:44","slug":"ip-sakotuvas-g2","status":"publish","type":"product","link":"https:\/\/apsaugos.lt\/?product=ip-sakotuvas-g2","title":{"rendered":"IP \u0160akotuvas G2"},"content":{"rendered":"<ul>\n<li>Maitinimo \u012ftampa:<\/li>\n<li>Maitinimo \u0161altinio tipas:<\/li>\n<li>Energijos s\u0105naudos &#8211; bud\u0117jimas \/ darbas:<\/li>\n<li>Leistinas santykinis dr\u0117gnumas:<\/li>\n<li>Skirta durims:<\/li>\n<li>Korpuso med\u017eiaga:<\/li>\n<li>I\u0161leidimo impulso trukm\u0117:<\/li>\n<li>\u012emontuota atmintis:<\/li>\n<li>Atstuminis skaitytuvas:<\/li>\n<li>Klaviat\u016bra:<\/li>\n<li>Bleutooth:<\/li>\n<li>Temperat\u016bros diapazonas:\u00a0-10\u00baC ~ + 70\u00baC<\/li>\n<li>Apsaugos faktorius:\u00a0IP20<\/li>\n<li>I\u0161orinio \u017eenklo matmenys:\u00a0(A x P x G)<\/li>\n<li>Vidinio \u017eenklo matmenys: (A x P x G)<\/li>\n<li>Grynasis svoris:<\/li>\n<\/ul>\n","protected":false},"excerpt":{"rendered":"<p>IP \u0161akotuvas G2 i\u0161ple\u010dia i\u0161mani\u0173j\u0173 spyn\u0173, veikian\u010di\u0173 per \u201eTTLock\u201c program\u0105, funkcionalum\u0105. Per G2 IP \u0161akotuv\u0105 realiu laiku galime valdyti u\u017erakt\u0105 arba kodin\u0119 konsol\u0119, nereikia fizi\u0161kai b\u016bti prie spynos,\u00a0 t.y. neriekia u\u017emegzti \u201eBluetooth\u201c ry\u0161io tarp u\u017erakto ir i\u0161maniojo telefono su programa. Naudodami \u0161\u012f \u012frengin\u012f galime generuoti naujus nuolatinius ar laikinus prieigos kodus, nuotoliniu b\u016bdu redaguoti ar i\u0161trinti esamus. Taip pat, turime galimyb\u0119 patikrinti istorij\u0105. Avariniu atveju G2 IP \u0161akotuvas suteikia galimyb\u0119 nuotoliniu b\u016bdu atrakinti duris naudojant \u201eTTLock\u201c program\u0105.<\/p>\n","protected":false},"featured_media":1509,"comment_status":"closed","ping_status":"closed","template":"","meta":[],"product_brand":[],"product_cat":[275,276],"product_tag":[288,289],"class_list":{"0":"post-2687","1":"product","2":"type-product","3":"status-publish","4":"has-post-thumbnail","6":"product_cat-ismanios-spynos","7":"product_cat-ismaniosios-spynos","8":"product_tag-g2","9":"product_tag-ip-sakotuvas-g2","11":"first","12":"instock","13":"shipping-taxable","14":"purchasable","15":"product-type-simple"},"jetpack_sharing_enabled":true,"_links":{"self":[{"href":"https:\/\/apsaugos.lt\/index.php?rest_route=\/wp\/v2\/product\/2687","targetHints":{"allow":["GET"]}}],"collection":[{"href":"https:\/\/apsaugos.lt\/index.php?rest_route=\/wp\/v2\/product"}],"about":[{"href":"https:\/\/apsaugos.lt\/index.php?rest_route=\/wp\/v2\/types\/product"}],"replies":[{"embeddable":true,"href":"https:\/\/apsaugos.lt\/index.php?rest_route=%2Fwp%2Fv2%2Fcomments&post=2687"}],"wp:featuredmedia":[{"embeddable":true,"href":"https:\/\/apsaugos.lt\/index.php?rest_route=\/wp\/v2\/media\/1509"}],"wp:attachment":[{"href":"https:\/\/apsaugos.lt\/index.php?rest_route=%2Fwp%2Fv2%2Fmedia&parent=2687"}],"wp:term":[{"taxonomy":"product_brand","embeddable":true,"href":"https:\/\/apsaugos.lt\/index.php?rest_route=%2Fwp%2Fv2%2Fproduct_brand&post=2687"},{"taxonomy":"product_cat","embeddable":true,"href":"https:\/\/apsaugos.lt\/index.php?rest_route=%2Fwp%2Fv2%2Fproduct_cat&post=2687"},{"taxonomy":"product_tag","embeddable":true,"href":"https:\/\/apsaugos.lt\/index.php?rest_route=%2Fwp%2Fv2%2Fproduct_tag&post=2687"}],"curies":[{"name":"wp","href":"https:\/\/api.w.org\/{rel}","templated":true}]}}