{"id":2688,"date":"2021-02-22T12:26:40","date_gmt":"2021-02-22T10:26:40","guid":{"rendered":"http:\/\/apsaugos.lt\/?product=import-placeholder-for-8712"},"modified":"2021-02-22T12:26:44","modified_gmt":"2021-02-22T10:26:44","slug":"ismanioji-spyna-liliwise-h61b","status":"publish","type":"product","link":"https:\/\/apsaugos.lt\/?product=ismanioji-spyna-liliwise-h61b","title":{"rendered":"I\u0161manioji Spyna Liliwise H61B"},"content":{"rendered":"<ul>\n<li>Dur\u0173 storumas: 35-60mm<\/li>\n<li>Spynos korpuso matmenys: 144 x 60 x 14mm (i\u0161orinis) \/ 144 x 68 x 30mm<\/li>\n<li>Spynos korpusas: All Smart mortise(only if Square Spindle fit)<\/li>\n<li>Veikimo temperat\u016bra: -25\u2103 iki +60\u2103<\/li>\n<li>\u012etampa: 6V\uff084*AA tipo baterijos\uff09<\/li>\n<li>\u012esp\u0117jimas senkant baterijoms: ma\u017eiau nei 4.8V<\/li>\n<li>Baterij\u0173 tarnavimas: &gt;3000 dur\u0173 atidarym\u0173<\/li>\n<li>EL. kortel\u0117: M1 Card(13.56MHz)<\/li>\n<li>Duomen\u0173 kiekiai: Pir\u0161to antspaud\u0173 200vnt; El. rakt\u0173 n\u0117ra limito; Individuali\u0173 kod\u0173: 150vnt + kortel\u0117s: 200vnt<\/li>\n<li>Pir\u0161to antspaud\u0173 skaitytuvas \uff1aSemi-Conductor<\/li>\n<li>Pakuot\u0117s matmenys: 380 x 120 x 245 mm<\/li>\n<\/ul>\n<p>Pakuot\u0117je:<\/p>\n<ul>\n<li>1vnt I\u0161manioji spyna, be HUB G2 (HUB G2 parduodamas atskirai)<\/li>\n<li>3vnt MiFARE kortel\u0117s<\/li>\n<li>3vnt mech. raktai<\/li>\n<li>Tvirtinino var\u017etai ir sujungimo dalys<\/li>\n<\/ul>\n<p>Spynos korpuso n\u0117ra komplekte<\/p>\n","protected":false},"excerpt":{"rendered":"<p>I\u0161manioji spyna su WiFi\/Bluetooth aplikacijos s\u0105saja, bei pir\u0161t\u0173 atspaud\u0173 skaitytuvu .Tai naujausia \u201eWIFI\u201c i\u0161manioji \u201eLILIWISE\u201c dur\u0173 spyna. Joje naudojama naujausia automatin\u0117 technologija, leid\u017eianti automati\u0161kai atrakinti ir u\u017erakinti duris be rank\u0173. Prijunkite savo intelektual\u0173j\u012f u\u017erakt\u0105 prie \u201eWi-Fi\u201c tinklo naudodami G2 IP \u0161akotuv\u0105 ir gal\u0117site valdyti u\u017eraktus, bet kur ir bet kada.<\/p>\n","protected":false},"featured_media":1510,"comment_status":"closed","ping_status":"closed","template":"","meta":[],"product_brand":[],"product_cat":[275,276],"product_tag":[290,291,292],"class_list":{"0":"post-2688","1":"product","2":"type-product","3":"status-publish","4":"has-post-thumbnail","6":"product_cat-ismanios-spynos","7":"product_cat-ismaniosios-spynos","8":"product_tag-h61b","9":"product_tag-ismanioji-spyna","10":"product_tag-liliwise-h61b","12":"first","13":"instock","14":"shipping-taxable","15":"purchasable","16":"product-type-simple"},"jetpack_sharing_enabled":true,"_links":{"self":[{"href":"https:\/\/apsaugos.lt\/index.php?rest_route=\/wp\/v2\/product\/2688","targetHints":{"allow":["GET"]}}],"collection":[{"href":"https:\/\/apsaugos.lt\/index.php?rest_route=\/wp\/v2\/product"}],"about":[{"href":"https:\/\/apsaugos.lt\/index.php?rest_route=\/wp\/v2\/types\/product"}],"replies":[{"embeddable":true,"href":"https:\/\/apsaugos.lt\/index.php?rest_route=%2Fwp%2Fv2%2Fcomments&post=2688"}],"wp:featuredmedia":[{"embeddable":true,"href":"https:\/\/apsaugos.lt\/index.php?rest_route=\/wp\/v2\/media\/1510"}],"wp:attachment":[{"href":"https:\/\/apsaugos.lt\/index.php?rest_route=%2Fwp%2Fv2%2Fmedia&parent=2688"}],"wp:term":[{"taxonomy":"product_brand","embeddable":true,"href":"https:\/\/apsaugos.lt\/index.php?rest_route=%2Fwp%2Fv2%2Fproduct_brand&post=2688"},{"taxonomy":"product_cat","embeddable":true,"href":"https:\/\/apsaugos.lt\/index.php?rest_route=%2Fwp%2Fv2%2Fproduct_cat&post=2688"},{"taxonomy":"product_tag","embeddable":true,"href":"https:\/\/apsaugos.lt\/index.php?rest_route=%2Fwp%2Fv2%2Fproduct_tag&post=2688"}],"curies":[{"name":"wp","href":"https:\/\/api.w.org\/{rel}","templated":true}]}}