{"id":2689,"date":"2021-02-22T12:26:40","date_gmt":"2021-02-22T10:26:40","guid":{"rendered":"http:\/\/apsaugos.lt\/?product=import-placeholder-for-8714"},"modified":"2021-02-22T12:26:44","modified_gmt":"2021-02-22T10:26:44","slug":"liliwise-korteliu-programavimo-irenginys-e2","status":"publish","type":"product","link":"https:\/\/apsaugos.lt\/?product=liliwise-korteliu-programavimo-irenginys-e2","title":{"rendered":"Liliwise Korteli\u0173 Programavimo \u012erenginys E2"},"content":{"rendered":"<p>Liliwise Korteli\u0173 Programavimo \u012erenginys E2<\/p>\n","protected":false},"excerpt":{"rendered":"<p>Korteli\u0173 programavimo \u012frenginys skirtas Liliwise spyn\u0173 el. raktams programuoti. \u0160i \u012frenginys veikia su TTHOTEL ir TTRENTING aplikacijomis\/puslapiais. Su \u0161iuo \u012frenginiu korteles gal\u0117site programuoti per kompiuter\u012f, nereiks eiti prie kiekvienos spynos ir ten \u012fra\u0161yti norimus el. raktus. \u012erenginys jungiamas per USB jungt\u012f ir skaito MIFARE tipo el. raktus. Kompiuteryje reikalinga papildoma programin\u0117 \u012franga.<\/p>\n","protected":false},"featured_media":1509,"comment_status":"closed","ping_status":"closed","template":"","meta":[],"product_brand":[],"product_cat":[275,276],"product_tag":[293,279],"class_list":{"0":"post-2689","1":"product","2":"type-product","3":"status-publish","4":"has-post-thumbnail","6":"product_cat-ismanios-spynos","7":"product_cat-ismaniosios-spynos","8":"product_tag-e2","9":"product_tag-liliwise","11":"first","12":"instock","13":"shipping-taxable","14":"purchasable","15":"product-type-simple"},"jetpack_sharing_enabled":true,"_links":{"self":[{"href":"https:\/\/apsaugos.lt\/index.php?rest_route=\/wp\/v2\/product\/2689","targetHints":{"allow":["GET"]}}],"collection":[{"href":"https:\/\/apsaugos.lt\/index.php?rest_route=\/wp\/v2\/product"}],"about":[{"href":"https:\/\/apsaugos.lt\/index.php?rest_route=\/wp\/v2\/types\/product"}],"replies":[{"embeddable":true,"href":"https:\/\/apsaugos.lt\/index.php?rest_route=%2Fwp%2Fv2%2Fcomments&post=2689"}],"wp:featuredmedia":[{"embeddable":true,"href":"https:\/\/apsaugos.lt\/index.php?rest_route=\/wp\/v2\/media\/1509"}],"wp:attachment":[{"href":"https:\/\/apsaugos.lt\/index.php?rest_route=%2Fwp%2Fv2%2Fmedia&parent=2689"}],"wp:term":[{"taxonomy":"product_brand","embeddable":true,"href":"https:\/\/apsaugos.lt\/index.php?rest_route=%2Fwp%2Fv2%2Fproduct_brand&post=2689"},{"taxonomy":"product_cat","embeddable":true,"href":"https:\/\/apsaugos.lt\/index.php?rest_route=%2Fwp%2Fv2%2Fproduct_cat&post=2689"},{"taxonomy":"product_tag","embeddable":true,"href":"https:\/\/apsaugos.lt\/index.php?rest_route=%2Fwp%2Fv2%2Fproduct_tag&post=2689"}],"curies":[{"name":"wp","href":"https:\/\/api.w.org\/{rel}","templated":true}]}}