{"id":2690,"date":"2021-02-22T12:26:40","date_gmt":"2021-02-22T10:26:40","guid":{"rendered":"http:\/\/apsaugos.lt\/?product=import-placeholder-for-8715"},"modified":"2021-02-22T12:26:44","modified_gmt":"2021-02-22T10:26:44","slug":"video-telefonspyne-vid-ex-2007-wifi-4-laidu","status":"publish","type":"product","link":"https:\/\/apsaugos.lt\/?product=video-telefonspyne-vid-ex-2007-wifi-4-laidu","title":{"rendered":"Video Telefonspyn\u0117 VID-EX-2007\/Wifi 4 Laid\u0173"},"content":{"rendered":"<p>Video kamera<\/p>\n<ul>\n<li>Kamera: 1\/2.7&#8243; CMOS, 2.0MP<\/li>\n<li>Rezoliucija: AHD 1080P<\/li>\n<li>Horizontalus matymo kampas 160\u00b0, Vertikalus matymo kampas 85\u00b0<\/li>\n<li>4CH judesio jutiklis<\/li>\n<li>Korpusas: Aliuminis\/plastikas<\/li>\n<li>Naktinis filmavimas\u00a0(IR LED ap\u0161vietimas)<\/li>\n<li>Pavir\u0161ius atsparus i\u0161or\u0117s poveikiams IP65, -40\u00b0C +50\u00b0C<\/li>\n<li>Garsiakalbio garso reguliavimas<\/li>\n<li>El. rakt\u0173 skaitytuvas<\/li>\n<li>I\u0161\u0117jimo mygtuko atidarymo laiko reguliavimas (2-10s)<\/li>\n<li>Matmenys: 48 x 133,2 x 15,5 mm<\/li>\n<\/ul>\n<p>Monitorius<\/p>\n<ul>\n<li>Plonas korpusas<\/li>\n<li>7&#8243; Spalvotas TFT ekranas<\/li>\n<li>Auk\u0161tos kokyb\u0117s vaizdas 1024&#215;600<\/li>\n<li>Lietimui jautrus ekranas<\/li>\n<li>Kontroliuoja du \u012f\u0117jimus (Varteliai ir Vartai)<\/li>\n<li>SD kortel\u0117s lustas (iki 128GB)<\/li>\n<li>Integruotas WIFI modulis<\/li>\n<li>Monitoriaus korpusas: Baltas<\/li>\n<li>Lengvas \u012frenginio programavimas\u00a0\u00a0(skamb\u0117jimo garsas, \u0161viesumas ir ry\u0161kumas)<\/li>\n<li>12\u00a0skambu\u010di\u0173 melodijos<\/li>\n<li>Kalbos: Angl\u0173<\/li>\n<li>Galima papildomai prijungti kelis ekranus<\/li>\n<li>\u012etampa: DC \u00a013.5VDC (pakuot\u0117je)<\/li>\n<li>Matmenys: 185 x 127,5 x 18\u00a0mm<\/li>\n<\/ul>\n","protected":false},"excerpt":{"rendered":"<p>\u0160iuolaiki\u0161ko dizaino, lengvo pajungimo telefonspyn\u0117.<\/p>\n","protected":false},"featured_media":1511,"comment_status":"closed","ping_status":"closed","template":"","meta":[],"product_brand":[],"product_cat":[133],"product_tag":[129,294,295],"class_list":{"0":"post-2690","1":"product","2":"type-product","3":"status-publish","4":"has-post-thumbnail","6":"product_cat-video-telefonspynes","7":"product_tag-domofonas","8":"product_tag-domofonas-vid-ex-2007","9":"product_tag-vid-ex-2007","11":"first","12":"instock","13":"shipping-taxable","14":"purchasable","15":"product-type-simple"},"jetpack_sharing_enabled":true,"_links":{"self":[{"href":"https:\/\/apsaugos.lt\/index.php?rest_route=\/wp\/v2\/product\/2690","targetHints":{"allow":["GET"]}}],"collection":[{"href":"https:\/\/apsaugos.lt\/index.php?rest_route=\/wp\/v2\/product"}],"about":[{"href":"https:\/\/apsaugos.lt\/index.php?rest_route=\/wp\/v2\/types\/product"}],"replies":[{"embeddable":true,"href":"https:\/\/apsaugos.lt\/index.php?rest_route=%2Fwp%2Fv2%2Fcomments&post=2690"}],"wp:featuredmedia":[{"embeddable":true,"href":"https:\/\/apsaugos.lt\/index.php?rest_route=\/wp\/v2\/media\/1511"}],"wp:attachment":[{"href":"https:\/\/apsaugos.lt\/index.php?rest_route=%2Fwp%2Fv2%2Fmedia&parent=2690"}],"wp:term":[{"taxonomy":"product_brand","embeddable":true,"href":"https:\/\/apsaugos.lt\/index.php?rest_route=%2Fwp%2Fv2%2Fproduct_brand&post=2690"},{"taxonomy":"product_cat","embeddable":true,"href":"https:\/\/apsaugos.lt\/index.php?rest_route=%2Fwp%2Fv2%2Fproduct_cat&post=2690"},{"taxonomy":"product_tag","embeddable":true,"href":"https:\/\/apsaugos.lt\/index.php?rest_route=%2Fwp%2Fv2%2Fproduct_tag&post=2690"}],"curies":[{"name":"wp","href":"https:\/\/api.w.org\/{rel}","templated":true}]}}