{"id":2694,"date":"2021-02-22T12:26:41","date_gmt":"2021-02-22T10:26:41","guid":{"rendered":"http:\/\/apsaugos.lt\/?product=import-placeholder-for-8749"},"modified":"2021-02-22T12:26:45","modified_gmt":"2021-02-22T10:26:45","slug":"hikvision-centrale-ax-pro-ds-pwa96-m-we","status":"publish","type":"product","link":"https:\/\/apsaugos.lt\/?product=hikvision-centrale-ax-pro-ds-pwa96-m-we","title":{"rendered":"Hikvision central\u0117 AX PRO DS-PWA96-M-WE"},"content":{"rendered":"<ul class=\"tech-specs-items-description\" data-target=\"Software features\">\n<li class=\"tech-specs-items-description-list\"><span class=\"tech-specs-items-description__title--heading\">Programin\u0117 \u012franga<\/span><\/li>\n<li class=\"tech-specs-items-description-list\"><span class=\"tech-specs-items-description__title\">Kortel\u0117s<\/span><span class=\"tech-specs-items-description__title-details\">48<\/span><\/li>\n<li class=\"tech-specs-items-description-list\"><span class=\"tech-specs-items-description__title\">Aplinka<\/span><span class=\"tech-specs-items-description__title-details\">32<\/span><\/li>\n<li class=\"tech-specs-items-description-list\"><span class=\"tech-specs-items-description__title\">Zonos<\/span><span class=\"tech-specs-items-description__title-details\">96 (up to 48 PIRCAMs)<\/span><\/li>\n<li class=\"tech-specs-items-description-list\"><span class=\"tech-specs-items-description__title\">Vaizdo klipai<\/span><span class=\"tech-specs-items-description__title-details\">4<\/span><\/li>\n<li class=\"tech-specs-items-description-list\"><span class=\"tech-specs-items-description__title\">\u012ediegimo vedlys<\/span><span class=\"tech-specs-items-description__title-details\">1<\/span><\/li>\n<li class=\"tech-specs-items-description-list\"><span class=\"tech-specs-items-description__title\">Naudotojas<\/span><span class=\"tech-specs-items-description__title-details\">46<\/span><\/li>\n<li class=\"tech-specs-items-description-list\"><span class=\"tech-specs-items-description__title\">Administratorius<\/span><span class=\"tech-specs-items-description__title-details\">1<\/span><\/li>\n<li class=\"tech-specs-items-description-list\"><span class=\"tech-specs-items-description__title\">Raginimas garsu<\/span><span class=\"tech-specs-items-description__title-details\">Supported<\/span><\/li>\n<li class=\"tech-specs-items-description-list\"><span class=\"tech-specs-items-description__title\">\u012emontuotas garsiakalbis<\/span><span class=\"tech-specs-items-description__title-details\">Supported<\/span><\/li>\n<li class=\"tech-specs-items-description-list\"><span class=\"tech-specs-items-description__title\">Korteli\u0173 skaitytuvas<\/span><span class=\"tech-specs-items-description__title-details\">Supported<\/span><\/li>\n<li class=\"tech-specs-items-description-list\"><span class=\"tech-specs-items-description__title\">Saugomi atminties \u012fra\u0161ai<\/span><span class=\"tech-specs-items-description__title-details\">5000<\/span><\/li>\n<li class=\"tech-specs-items-description-list\"><span class=\"tech-specs-items-description__title\">Programavimo \u012frankiai<\/span><span class=\"tech-specs-items-description__title-details\">Hik-Connect\/Hik-ProConnect\/Web Portal\/ IVMS4200\/ Convergence Cloud<\/span><\/li>\n<li class=\"tech-specs-items-description-list\"><span class=\"tech-specs-items-description__title\">Programin\u0117s-aparatin\u0117s \u012frangos atnaujinimai<span class=\"tech-specs-items-description__title-details\">APP\/Web Portal<\/span><\/span><\/li>\n<li class=\"tech-specs-items-description-list\"><span class=\"tech-specs-items-description__title\">Apsaugos r\u0117\u017eimai<\/span><span class=\"tech-specs-items-description__title-details\">Away\/Stay<\/span><\/li>\n<li class=\"tech-specs-items-description-list\"><span class=\"tech-specs-items-description__title\">Automatin\u0117 apsauga\/apsaugos i\u0161jungimo laikmatis<\/span><span class=\"tech-specs-items-description__title-details\">Supported<\/span><\/li>\n<li class=\"tech-specs-items-description-list\"><span class=\"tech-specs-items-description__title\">Priverstinis apsaugos \u012fjungimas atvirose zonose<\/span><span class=\"tech-specs-items-description__title-details\">Supported<\/span><\/li>\n<li class=\"tech-specs-items-description-list\"><span class=\"tech-specs-items-description__title\">Diagnostika naudojant APP arba Web<\/span><span class=\"tech-specs-items-description__title-details\">Supported<\/span><\/li>\n<li class=\"tech-specs-items-description-list\"><span class=\"tech-specs-items-description__title\">ARC protokolai<\/span>\n<p class=\"mb-p\">SIA DC09(SIA level 2, Contact ID), ISUP, ISAPI (SDK)<\/p>\n<p class=\"mb-p\">Hik-IP Receiver &amp; Hik-IP Receiver Pro (Sur-Gard &amp; Ademco 685)<\/p>\n<p class=\"mb-p\">Supports video verification and remote control<\/p>\n<\/li>\n<li class=\"tech-specs-items-description-list\"><span class=\"tech-specs-items-description__title\">Naudotojo aplikacija central\u0117s valdymui<\/span><span class=\"tech-specs-items-description__title-details\">Supported<\/span><\/li>\n<li class=\"tech-specs-items-description-list\"><span class=\"tech-specs-items-description__title\">\u012ediegimo vedlys programavimo aplikacijai<\/span><span class=\"tech-specs-items-description__title-details\">Supported<\/span><\/li>\n<li class=\"tech-specs-items-description-list\"><span class=\"tech-specs-items-description__title\">Web serveris klaid\u0173 taisymui<\/span><span class=\"tech-specs-items-description__title-details\">Supported<\/span><\/li>\n<\/ul>\n<ul class=\"tech-specs-items-description\" data-target=\"Hardware features\">\n<li class=\"tech-specs-items-description-list\"><span class=\"tech-specs-items-description__title--heading\">Aparatin\u0117s \u012frangos funkcijos<\/span><\/li>\n<li class=\"tech-specs-items-description-list\"><span class=\"tech-specs-items-description__title\">RS232 i\u0161vestis<\/span><span class=\"tech-specs-items-description__title-details\">Supported<\/span><\/li>\n<li class=\"tech-specs-items-description-list\"><span class=\"tech-specs-items-description__title\">Vieta SIM kortelei<\/span><span class=\"tech-specs-items-description__title-details\">Dual<\/span><\/li>\n<\/ul>\n<ul class=\"tech-specs-items-description\" data-target=\"RF transmission\">\n<li class=\"tech-specs-items-description-list\"><span class=\"tech-specs-items-description__title--heading\">RF perdavimas<\/span><\/li>\n<li class=\"tech-specs-items-description-list\"><span class=\"tech-specs-items-description__title\">Dvipusis belaidis bendravimas<\/span><span class=\"tech-specs-items-description__title-details\">Support<\/span><\/li>\n<li class=\"tech-specs-items-description-list\"><span class=\"tech-specs-items-description__title\">RF da\u017enis<\/span><span class=\"tech-specs-items-description__title-details\">868Mhz<\/span><\/li>\n<li class=\"tech-specs-items-description-list\"><span class=\"tech-specs-items-description__title\">Belaid\u0117 apsauga<\/span><span class=\"tech-specs-items-description__title-details\">Frequency Hoping 128 AES Encryption<\/span><\/li>\n<li class=\"tech-specs-items-description-list\"><span class=\"tech-specs-items-description__title\">3\/4G ry\u0161ys<\/span><span class=\"tech-specs-items-description__title-details\">Supported<\/span><\/li>\n<\/ul>\n<ul class=\"tech-specs-items-description\" data-target=\"Electrical characteristics\">\n<li class=\"tech-specs-items-description-list\"><span class=\"tech-specs-items-description__title--heading\">Elektros charakteristika<\/span><\/li>\n<li class=\"tech-specs-items-description-list\"><span class=\"tech-specs-items-description__title\">Energijos \u0161altinis<\/span><span class=\"tech-specs-items-description__title-details\">Built in power supply<\/span><\/li>\n<li class=\"tech-specs-items-description-list\"><span class=\"tech-specs-items-description__title\">Baterijos tipas<\/span><span class=\"tech-specs-items-description__title-details\">Built in on board Battery Li<\/span><\/li>\n<li class=\"tech-specs-items-description-list\"><span class=\"tech-specs-items-description__title\">Baterijos gyvavimo laikotarpis<\/span><span class=\"tech-specs-items-description__title-details\">12 hours<\/span><\/li>\n<\/ul>\n<ul class=\"tech-specs-items-description\" data-target=\"Wireless transmission\">\n<li class=\"tech-specs-items-description-list\"><span class=\"tech-specs-items-description__title--heading\">Belaidis perdavimas<\/span><\/li>\n<li class=\"tech-specs-items-description-list\"><span class=\"tech-specs-items-description__title\">Laidinis tinklas<\/span><span class=\"tech-specs-items-description__title-details\">Supported<\/span><\/li>\n<li class=\"tech-specs-items-description-list\"><span class=\"tech-specs-items-description__title\">Wi-Fi standartai<\/span><span class=\"tech-specs-items-description__title-details\">Supported<\/span><\/li>\n<\/ul>\n<ul class=\"tech-specs-items-description\" data-target=\"Display\">\n<li class=\"tech-specs-items-description-list\"><span class=\"tech-specs-items-description__title--heading\">Ekranas<\/span><\/li>\n<li class=\"tech-specs-items-description-list\"><span class=\"tech-specs-items-description__title\">LEDs statusas<\/span><span class=\"tech-specs-items-description__title-details\">Arm\/Disarm, Alarm, Tamper, Fault, Cloud, Power<\/span><\/li>\n<\/ul>\n<ul class=\"tech-specs-items-description\" data-target=\"General\">\n<li class=\"tech-specs-items-description-list\"><span class=\"tech-specs-items-description__title--heading\">Pagrindinis<\/span><\/li>\n<li class=\"tech-specs-items-description-list\"><span class=\"tech-specs-items-description__title\">Veikimo temperat\u016bra<\/span><span class=\"tech-specs-items-description__title-details\">-10 \u00b0C to +55 \u00b0C<\/span><\/li>\n<li class=\"tech-specs-items-description-list\"><span class=\"tech-specs-items-description__title\">Med\u017eiaga<\/span><span class=\"tech-specs-items-description__title-details\">Plastic<\/span><\/li>\n<li class=\"tech-specs-items-description-list\"><span class=\"tech-specs-items-description__title\">Matmenys(WxHxD)<\/span><span class=\"tech-specs-items-description__title-details\">170.0 mm (6.7&#8243;) x 170.0 (6.7&#8243;) mm x 38.6 mm (1.5&#8243;)<\/span><\/li>\n<li class=\"tech-specs-items-description-list\"><span class=\"tech-specs-items-description__title\">Svoris<\/span><span class=\"tech-specs-items-description__title-details\">557.5 g(19.7 oz)<\/span><\/li>\n<li class=\"tech-specs-items-description-list\"><span class=\"tech-specs-items-description__title\">Spalva<\/span><span class=\"tech-specs-items-description__title-details\">White<\/span><\/li>\n<\/ul>\n<ul class=\"tech-specs-items-description\" data-target=\"Device management\">\n<li class=\"tech-specs-items-description-list\"><span class=\"tech-specs-items-description__title--heading\">Central\u0117s valdymas<\/span><\/li>\n<li class=\"tech-specs-items-description-list\"><span class=\"tech-specs-items-description__title\">Pulteliai<\/span><span class=\"tech-specs-items-description__title-details\">48<\/span><\/li>\n<li class=\"tech-specs-items-description-list\"><span class=\"tech-specs-items-description__title\">Belaid\u0117s sirenos<\/span><span class=\"tech-specs-items-description__title-details\">6<\/span><\/li>\n<li class=\"tech-specs-items-description-list\"><span class=\"tech-specs-items-description__title\">Klaviat\u016bros<\/span><span class=\"tech-specs-items-description__title-details\">8 (Including Tag reader)<\/span><\/li>\n<li class=\"tech-specs-items-description-list\"><span class=\"tech-specs-items-description__title\">Belaid\u017eiai kartotuvai<\/span><span class=\"tech-specs-items-description__title-details\">4<\/span><\/li>\n<li class=\"tech-specs-items-description-list\"><span class=\"tech-specs-items-description__title\">PIR kameros<\/span><span class=\"tech-specs-items-description__title-details\">Supported<\/span><\/li>\n<\/ul>\n","protected":false},"excerpt":{"rendered":"<ul>\n<li>TCP\/IP, Wi-Fi, ir 3G\/4G tinklas<\/li>\n<li>Dvipusis bendravimas su AES-128 \u0161ifravimu<\/li>\n<li>Prisijungia prie 96 belaid\u017ei\u0173 zon\u0173\/i\u0161ves\u010di\u0173 (\u012fskaitant 48 PIR su kameromis), 48 belaid\u017eius pultelius, 4 kartotuvus, 6 sirenas, 8 pakabuk\u0173\/korteli\u0173 skaitytuvus &amp; klaviat\u016bras.<\/li>\n<li>Palaiko iki 48 tinklo naudotoj\u0173, \u012fskaitant 1 \u012fdiegimo vedl\u012f, 1 administratori\u0173, ir 46 paprast\u0173 naudotoj\u0173<\/li>\n<li>4520 mAh li\u010dio jon\u0173 atsargin\u0117 baterija<\/li>\n<li>SIA-DC09 protokolas, palaiko abu Contact ID ir SIA duomen\u0173 formatus<\/li>\n<\/ul>\n","protected":false},"featured_media":1515,"comment_status":"closed","ping_status":"closed","template":"","meta":[],"product_brand":[],"product_cat":[296],"product_tag":[309],"class_list":{"0":"post-2694","1":"product","2":"type-product","3":"status-publish","4":"has-post-thumbnail","6":"product_cat-hikvision-apsaugos-sistemos","7":"product_tag-ax-pro-ds-pwa96-m-we","9":"first","10":"instock","11":"shipping-taxable","12":"purchasable","13":"product-type-simple"},"jetpack_sharing_enabled":true,"_links":{"self":[{"href":"https:\/\/apsaugos.lt\/index.php?rest_route=\/wp\/v2\/product\/2694","targetHints":{"allow":["GET"]}}],"collection":[{"href":"https:\/\/apsaugos.lt\/index.php?rest_route=\/wp\/v2\/product"}],"about":[{"href":"https:\/\/apsaugos.lt\/index.php?rest_route=\/wp\/v2\/types\/product"}],"replies":[{"embeddable":true,"href":"https:\/\/apsaugos.lt\/index.php?rest_route=%2Fwp%2Fv2%2Fcomments&post=2694"}],"wp:featuredmedia":[{"embeddable":true,"href":"https:\/\/apsaugos.lt\/index.php?rest_route=\/wp\/v2\/media\/1515"}],"wp:attachment":[{"href":"https:\/\/apsaugos.lt\/index.php?rest_route=%2Fwp%2Fv2%2Fmedia&parent=2694"}],"wp:term":[{"taxonomy":"product_brand","embeddable":true,"href":"https:\/\/apsaugos.lt\/index.php?rest_route=%2Fwp%2Fv2%2Fproduct_brand&post=2694"},{"taxonomy":"product_cat","embeddable":true,"href":"https:\/\/apsaugos.lt\/index.php?rest_route=%2Fwp%2Fv2%2Fproduct_cat&post=2694"},{"taxonomy":"product_tag","embeddable":true,"href":"https:\/\/apsaugos.lt\/index.php?rest_route=%2Fwp%2Fv2%2Fproduct_tag&post=2694"}],"curies":[{"name":"wp","href":"https:\/\/api.w.org\/{rel}","templated":true}]}}