{"id":2695,"date":"2021-02-22T12:26:41","date_gmt":"2021-02-22T10:26:41","guid":{"rendered":"http:\/\/apsaugos.lt\/?product=import-placeholder-for-8751"},"modified":"2021-02-22T12:26:45","modified_gmt":"2021-02-22T10:26:45","slug":"belaide-apsaugos-sistema-hikvision-ds-pwa32-nst","status":"publish","type":"product","link":"https:\/\/apsaugos.lt\/?product=belaide-apsaugos-sistema-hikvision-ds-pwa32-nst","title":{"rendered":"Belaid\u0117 apsaugos sistema Hikvision DS-PWA32-NST"},"content":{"rendered":"<table>\n<tbody>\n<tr>\n<td>S\u0105vyb\u0117s:<\/td>\n<td>LAN+WIFI+3\/4G\u3001RF Card<\/td>\n<\/tr>\n<tr>\n<td>Spalva:<\/td>\n<td>White<\/td>\n<\/tr>\n<tr>\n<td>Da\u017enis:<\/td>\n<td>868MHz<\/td>\n<\/tr>\n<tr>\n<td>Atstumas:<\/td>\n<td>800m(open area)<\/td>\n<\/tr>\n<tr>\n<td>Ethernet:<\/td>\n<td>RJ45 10M\/100M adaptable Ethernet interface<\/td>\n<\/tr>\n<tr>\n<td>WIFI protokolo standartas:<\/td>\n<td>802.11b\/g\/n<\/td>\n<\/tr>\n<tr>\n<td>GPRS\uff08SMS&amp;Call\uff09:<\/td>\n<td>N\/A<\/td>\n<\/tr>\n<tr>\n<td>3G\/4G\uff08SMS&amp;Call\uff09:<\/td>\n<td>Support<\/td>\n<\/tr>\n<tr>\n<td>Klaviat\u016bra:<\/td>\n<td>N\/A<\/td>\n<\/tr>\n<tr>\n<td>LCD monitorius:<\/td>\n<td>N\/A<\/td>\n<\/tr>\n<tr>\n<td>Tag skaitytuvas:<\/td>\n<td>Support<\/td>\n<\/tr>\n<tr>\n<td>Beviel\u0117 \u012fvestis:<\/td>\n<td>32<\/td>\n<\/tr>\n<tr>\n<td>Bevielis rakt\u0173 pakabukas:<\/td>\n<td>8<\/td>\n<\/tr>\n<tr>\n<td>Bevielis kartotuvas:<\/td>\n<td>2<\/td>\n<\/tr>\n<tr>\n<td>Beviel\u0117s i\u0161vesties i\u0161pl\u0117timas:<\/td>\n<td>4<\/td>\n<\/tr>\n<tr>\n<td>Beviel\u0117 sirena:<\/td>\n<td>2<\/td>\n<\/tr>\n<tr>\n<td>Garso i\u0161vestis:<\/td>\n<td>1-CH loudspeaker<\/td>\n<\/tr>\n<tr>\n<td>Perjungiklis:<\/td>\n<td>Support<\/td>\n<\/tr>\n<tr>\n<td>Maitinimo s\u0105saja:<\/td>\n<td>5V DC<\/td>\n<\/tr>\n<tr>\n<td>Baterija:<\/td>\n<td>Rechargeable li-ion Polymer battery, 3.8V, 4520mAh, 17.176Wh<\/td>\n<\/tr>\n<tr>\n<td>Energijos sunaudojimas:<\/td>\n<td>&lt;10 W<\/td>\n<\/tr>\n<\/tbody>\n<\/table>\n","protected":false},"excerpt":{"rendered":"<ul>\n<li>Belaid\u0117 apsaugos sistema<\/li>\n<li>1x DS-PWA32-HSR belaid\u0117 central\u0117<\/li>\n<li>1 xDS-PD2-P10P-W belaidis judesio jutiklis<\/li>\n<li>1x DS-PD1-MC-WWS magnetinis kontaktas<\/li>\n<li>5x DS-PTS-MF belaid\u017eiai pakabukai<\/li>\n<\/ul>\n","protected":false},"featured_media":1516,"comment_status":"closed","ping_status":"closed","template":"","meta":[],"product_brand":[],"product_cat":[296],"product_tag":[310,311,312,313],"class_list":{"0":"post-2695","1":"product","2":"type-product","3":"status-publish","4":"has-post-thumbnail","6":"product_cat-hikvision-apsaugos-sistemos","7":"product_tag-ds-pwa32-nst","8":"product_tag-hikvision-ds-pwa32-nst","9":"product_tag-hikvsion-apsauga","10":"product_tag-hikvsion-apsaugos-sistema","12":"first","13":"instock","14":"shipping-taxable","15":"purchasable","16":"product-type-simple"},"jetpack_sharing_enabled":true,"_links":{"self":[{"href":"https:\/\/apsaugos.lt\/index.php?rest_route=\/wp\/v2\/product\/2695","targetHints":{"allow":["GET"]}}],"collection":[{"href":"https:\/\/apsaugos.lt\/index.php?rest_route=\/wp\/v2\/product"}],"about":[{"href":"https:\/\/apsaugos.lt\/index.php?rest_route=\/wp\/v2\/types\/product"}],"replies":[{"embeddable":true,"href":"https:\/\/apsaugos.lt\/index.php?rest_route=%2Fwp%2Fv2%2Fcomments&post=2695"}],"wp:featuredmedia":[{"embeddable":true,"href":"https:\/\/apsaugos.lt\/index.php?rest_route=\/wp\/v2\/media\/1516"}],"wp:attachment":[{"href":"https:\/\/apsaugos.lt\/index.php?rest_route=%2Fwp%2Fv2%2Fmedia&parent=2695"}],"wp:term":[{"taxonomy":"product_brand","embeddable":true,"href":"https:\/\/apsaugos.lt\/index.php?rest_route=%2Fwp%2Fv2%2Fproduct_brand&post=2695"},{"taxonomy":"product_cat","embeddable":true,"href":"https:\/\/apsaugos.lt\/index.php?rest_route=%2Fwp%2Fv2%2Fproduct_cat&post=2695"},{"taxonomy":"product_tag","embeddable":true,"href":"https:\/\/apsaugos.lt\/index.php?rest_route=%2Fwp%2Fv2%2Fproduct_tag&post=2695"}],"curies":[{"name":"wp","href":"https:\/\/api.w.org\/{rel}","templated":true}]}}