{"id":2696,"date":"2021-02-22T12:26:41","date_gmt":"2021-02-22T10:26:41","guid":{"rendered":"http:\/\/apsaugos.lt\/?product=import-placeholder-for-8753"},"modified":"2021-02-22T12:26:45","modified_gmt":"2021-02-22T10:26:45","slug":"hikvision-ellipse-pir-judesio-jutiklis-ds-pdp18-eg2pet","status":"publish","type":"product","link":"https:\/\/apsaugos.lt\/?product=hikvision-ellipse-pir-judesio-jutiklis-ds-pdp18-eg2pet","title":{"rendered":"Hikvision Ellipse PIR judesio jutiklis DS-PDP18-EG2(PET)"},"content":{"rendered":"<ul class=\"tech-specs-items-description\" data-target=\"Detection performance\">\n<li class=\"tech-specs-items-description-list\"><span class=\"tech-specs-items-description__title--heading\">Aptikimo paj\u0117gumas<\/span><\/li>\n<li class=\"tech-specs-items-description-list\"><span class=\"tech-specs-items-description__title\">Aptikimo nuotolis<\/span><span class=\"tech-specs-items-description__title-details\">18m<\/span><\/li>\n<li class=\"tech-specs-items-description-list\"><span class=\"tech-specs-items-description__title\">Aptikimo kampas<\/span><span class=\"tech-specs-items-description__title-details\">85.9\u00b0<\/span><\/li>\n<li class=\"tech-specs-items-description-list\"><span class=\"tech-specs-items-description__title\">Sukimosi greitis<\/span><span class=\"tech-specs-items-description__title-details\">0.3 ~ 2 m\/s<\/span><\/li>\n<li class=\"tech-specs-items-description-list\"><span class=\"tech-specs-items-description__title\">Jautrumo keitimas<\/span><span class=\"tech-specs-items-description__title-details\">High, Auto, Low<\/span><\/li>\n<li class=\"tech-specs-items-description-list\"><span class=\"tech-specs-items-description__title\">Nereguoja \u012f gyvunus<\/span><span class=\"tech-specs-items-description__title-details\">10Kg (With optional pet mask)<\/span><\/li>\n<li class=\"tech-specs-items-description-list\"><span class=\"tech-specs-items-description__title\">Baltos \u0161viesos filtras<\/span><span class=\"tech-specs-items-description__title-details\">6500lux<\/span><\/li>\n<\/ul>\n<ul class=\"tech-specs-items-description\" data-target=\"Software features\">\n<li class=\"tech-specs-items-description-list\"><span class=\"tech-specs-items-description__title--heading\">Programin\u0117s \u012frangos funkcijos<\/span><\/li>\n<li class=\"tech-specs-items-description-list\"><span class=\"tech-specs-items-description__title\">Atsparumas suklastojimui<\/span><span class=\"tech-specs-items-description__title-details\">Front<\/span><\/li>\n<\/ul>\n<ul class=\"tech-specs-items-description\" data-target=\"Hardware features\">\n<li class=\"tech-specs-items-description-list\"><span class=\"tech-specs-items-description__title--heading\">Aparatin\u0117s \u012frangos funkcijos<\/span><\/li>\n<li class=\"tech-specs-items-description-list\"><span class=\"tech-specs-items-description__title\">Indikatorius<\/span><span class=\"tech-specs-items-description__title-details\">Blue (alarm)<\/span><\/li>\n<\/ul>\n<ul class=\"tech-specs-items-description\" data-target=\"Electrical characteristics\">\n<li class=\"tech-specs-items-description-list\"><span class=\"tech-specs-items-description__title--heading\">Elektros charakteristika<\/span><\/li>\n<li class=\"tech-specs-items-description-list\"><span class=\"tech-specs-items-description__title\">Energijos \u0161altinis<\/span><span class=\"tech-specs-items-description__title-details\">9 to 16 VDC (standard: 12 VDC)<\/span><\/li>\n<li class=\"tech-specs-items-description-list\"><span class=\"tech-specs-items-description__title\">Energijos suvartojimas<\/span><span class=\"tech-specs-items-description__title-details\">11mA quiescent, 8mA Alarm<\/span><\/li>\n<\/ul>\n<ul class=\"tech-specs-items-description\" data-target=\"General\">\n<li class=\"tech-specs-items-description-list\"><span class=\"tech-specs-items-description__title--heading\">Pagrindinis<\/span><\/li>\n<li class=\"tech-specs-items-description-list\"><span class=\"tech-specs-items-description__title\">Matmenys(WxHxD)<\/span><span class=\"tech-specs-items-description__title-details\">65.4mm x 86.8mm x 45.5mm<\/span><\/li>\n<li class=\"tech-specs-items-description-list\"><span class=\"tech-specs-items-description__title\">Svoris<\/span><span class=\"tech-specs-items-description__title-details\">68 g<\/span><\/li>\n<li class=\"tech-specs-items-description-list\"><span class=\"tech-specs-items-description__title\">Programin\u0117s \u012frangos scenarijus<\/span><span class=\"tech-specs-items-description__title-details\">Indoor<\/span><\/li>\n<li class=\"tech-specs-items-description-list\"><span class=\"tech-specs-items-description__title\">\u012ediegimo auk\u0161tis<\/span><span class=\"tech-specs-items-description__title-details\">1.8 to 2.4m<\/span><\/li>\n<li class=\"tech-specs-items-description-list\"><span class=\"tech-specs-items-description__title\">Veikimo temperat\u016bra<\/span>\n<p class=\"mb-p\">-10 \u00b0C to 55 \u00b0C (14 \u00b0F to 131 \u00b0F)<\/p>\n<p class=\"mb-p\">-10 \u00b0C to 40 \u00b0C (14 \u00b0F to 104 \u00b0F) Certified<\/p>\n<\/li>\n<li class=\"tech-specs-items-description-list\"><span class=\"tech-specs-items-description__title\">Atsparumas dr\u0117gmei<\/span><span class=\"tech-specs-items-description__title-details\">10% to 90%<\/span><\/li>\n<li class=\"tech-specs-items-description-list\"><span class=\"tech-specs-items-description__title\">Baz\u0117<\/span><span class=\"tech-specs-items-description__title-details\">Optional wall &amp; ceiling accessory<\/span><\/li>\n<li class=\"tech-specs-items-description-list\"><span class=\"tech-specs-items-description__title\">Laikymo temperat\u016bra<\/span><span class=\"tech-specs-items-description__title-details\">-20 \u00b0C to 60 \u00b0C (-4 \u00b0F to 140 \u00b0F)<\/span><\/li>\n<\/ul>\n","protected":false},"excerpt":{"rendered":"<ul>\n<li>Aptikimo nuotolis &#8211; iki 18m, tod\u0117l tinka tiek didesniems kambariams tiek ma\u017eesniems<\/li>\n<li>Skaitmenin\u0117 temperat\u016bros kompensacija \u2013 kai aplinkos temperat\u016bra yra pana\u0161i \u012f \u017emogaus k\u016bno temperat\u016br\u0105, daviklis automati\u0161kai sureguliuoja jautrum\u0105, kad \u017emogaus k\u016bno temperat\u016bra i\u0161siskirt\u0173<\/li>\n<li>Automatinis jautrumo parinkimas &#8211; prisitaiko prie besikei\u010dian\u010di\u0173 aplinkos s\u0105lyg\u0173, kad palaikyt\u0173 stabilum\u0105 ir \u012fsibrov\u0117li\u0173 aptikimo na\u0161um\u0105.<\/li>\n<li>3D optika &#8211; pagerina judan\u010di\u0173 objekt\u0173 aptikim\u0105; u\u017etikrina stabilesn\u012f signal\u0105, kuris yra gaunamas i\u0161 PIR.<\/li>\n<li>&#8222;Creep&#8221;-zone apsauga &#8211; apsaugo aklaj\u0105 zon\u0105 po jutikliu.<\/li>\n<li>Integruoti EOL rezistoriai<\/li>\n<li>Gali b\u016bti montuojama 1.8m &#8211; 2.4m auk\u0161tyje.<\/li>\n<li>Platus \u012ftampos diapozonas &#8211; 9 &#8211; 16 V.<\/li>\n<li>IFT technologija &#8211; Esant elektromagnetini\u0173 ir elektrini\u0173 srovi\u0173 trikd\u017eiams jutiklis juos aptinka ir pasikoreguoja atitinkamai, kad nepateikt\u0173 klaiding\u0173 pavojaus signal\u0173.<\/li>\n<\/ul>\n","protected":false},"featured_media":1517,"comment_status":"closed","ping_status":"closed","template":"","meta":[],"product_brand":[],"product_cat":[123],"product_tag":[314,32,315,316,317],"class_list":{"0":"post-2696","1":"product","2":"type-product","3":"status-publish","4":"has-post-thumbnail","6":"product_cat-judesio-jutikliai","7":"product_tag-ds-pdp18-eg2","8":"product_tag-hikvision","9":"product_tag-hikvision-ds-pdp18-eg2","10":"product_tag-hikvision-ellipse","11":"product_tag-hikvision-ellipse-pir","13":"first","14":"instock","15":"shipping-taxable","16":"purchasable","17":"product-type-simple"},"jetpack_sharing_enabled":true,"_links":{"self":[{"href":"https:\/\/apsaugos.lt\/index.php?rest_route=\/wp\/v2\/product\/2696","targetHints":{"allow":["GET"]}}],"collection":[{"href":"https:\/\/apsaugos.lt\/index.php?rest_route=\/wp\/v2\/product"}],"about":[{"href":"https:\/\/apsaugos.lt\/index.php?rest_route=\/wp\/v2\/types\/product"}],"replies":[{"embeddable":true,"href":"https:\/\/apsaugos.lt\/index.php?rest_route=%2Fwp%2Fv2%2Fcomments&post=2696"}],"wp:featuredmedia":[{"embeddable":true,"href":"https:\/\/apsaugos.lt\/index.php?rest_route=\/wp\/v2\/media\/1517"}],"wp:attachment":[{"href":"https:\/\/apsaugos.lt\/index.php?rest_route=%2Fwp%2Fv2%2Fmedia&parent=2696"}],"wp:term":[{"taxonomy":"product_brand","embeddable":true,"href":"https:\/\/apsaugos.lt\/index.php?rest_route=%2Fwp%2Fv2%2Fproduct_brand&post=2696"},{"taxonomy":"product_cat","embeddable":true,"href":"https:\/\/apsaugos.lt\/index.php?rest_route=%2Fwp%2Fv2%2Fproduct_cat&post=2696"},{"taxonomy":"product_tag","embeddable":true,"href":"https:\/\/apsaugos.lt\/index.php?rest_route=%2Fwp%2Fv2%2Fproduct_tag&post=2696"}],"curies":[{"name":"wp","href":"https:\/\/api.w.org\/{rel}","templated":true}]}}