{"id":2701,"date":"2021-02-22T12:26:41","date_gmt":"2021-02-22T10:26:41","guid":{"rendered":"http:\/\/apsaugos.lt\/?product=import-placeholder-for-8810"},"modified":"2021-02-22T12:26:46","modified_gmt":"2021-02-22T10:26:46","slug":"hikvision-android-monitorius-telefonspynems-ds-kh9310-wte1","status":"publish","type":"product","link":"https:\/\/apsaugos.lt\/?product=hikvision-android-monitorius-telefonspynems-ds-kh9310-wte1","title":{"rendered":"Hikvision android monitorius telefonspyn\u0117ms DS-KH9310-WTE1"},"content":{"rendered":"<ul class=\"tech-specs-items-description\" data-target=\"Display parameters\">\n<li class=\"tech-specs-items-description-list\"><span class=\"tech-specs-items-description__title--heading\">Monitoriaus parametrai<\/span><\/li>\n<li class=\"tech-specs-items-description-list\"><span class=\"tech-specs-items-description__title\">Dydis<\/span><span class=\"tech-specs-items-description__title-details\">7-inch<\/span><\/li>\n<li class=\"tech-specs-items-description-list\"><span class=\"tech-specs-items-description__title\">Veikimo metodas<\/span><span class=\"tech-specs-items-description__title-details\">Capacitive touch screen<\/span><\/li>\n<li class=\"tech-specs-items-description-list\"><span class=\"tech-specs-items-description__title\">Tipas<\/span><span class=\"tech-specs-items-description__title-details\">Colorful TFT<\/span><\/li>\n<\/ul>\n<ul class=\"tech-specs-items-description\" data-target=\"Audio parameters\">\n<li class=\"tech-specs-items-description-list\"><span class=\"tech-specs-items-description__title--heading\">Garso nustatymai<\/span><\/li>\n<li class=\"tech-specs-items-description-list\"><span class=\"tech-specs-items-description__title\">Garso savyb\u0117s<\/span><span class=\"tech-specs-items-description__title-details\">Noise suppression and echo cancellation<\/span><\/li>\n<\/ul>\n<ul class=\"tech-specs-items-description\" data-target=\"Network parameters\">\n<li class=\"tech-specs-items-description-list\"><span class=\"tech-specs-items-description__title--heading\">Tinklo parametrai<\/span><\/li>\n<li class=\"tech-specs-items-description-list\"><span class=\"tech-specs-items-description__title\">Sujungimo protokolai<\/span><span class=\"tech-specs-items-description__title-details\">TCP\/IP, SIP, RTSP<\/span><\/li>\n<li class=\"tech-specs-items-description-list\"><span class=\"tech-specs-items-description__title\">Laidininis sujungimas<\/span><span class=\"tech-specs-items-description__title-details\">Support<\/span><\/li>\n<li class=\"tech-specs-items-description-list\"><span class=\"tech-specs-items-description__title\">Wi-Fi<\/span><span class=\"tech-specs-items-description__title-details\">Wi-Fi 802.11 b\/g\/n<\/span><\/li>\n<\/ul>\n<ul class=\"tech-specs-items-description\" data-target=\"Device interfaces\">\n<li class=\"tech-specs-items-description-list\"><span class=\"tech-specs-items-description__title--heading\">Produkto s\u0105saja<\/span><\/li>\n<li class=\"tech-specs-items-description-list\"><span class=\"tech-specs-items-description__title\">Tinklo s\u0105saja<\/span><span class=\"tech-specs-items-description__title-details\">1 RJ-45 10\/100 Mbps self-adaptive<\/span><\/li>\n<li class=\"tech-specs-items-description-list\"><span class=\"tech-specs-items-description__title\">Energijos s\u0105saja<\/span><span class=\"tech-specs-items-description__title-details\">1<\/span><\/li>\n<\/ul>\n<ul class=\"tech-specs-items-description\" data-target=\"General\">\n<li class=\"tech-specs-items-description-list\"><span class=\"tech-specs-items-description__title--heading\">Pagrindinis<\/span><\/li>\n<li class=\"tech-specs-items-description-list\"><span class=\"tech-specs-items-description__title\">\u012ediegimas<\/span><span class=\"tech-specs-items-description__title-details\">Surface mounting<\/span><\/li>\n<li class=\"tech-specs-items-description-list\"><span class=\"tech-specs-items-description__title\">Svoris<\/span>\n<p class=\"mb-p\">Without package: 419.3 g<\/p>\n<p class=\"mb-p\">With package: 694 g<\/p>\n<\/li>\n<li class=\"tech-specs-items-description-list\"><span class=\"tech-specs-items-description__title\">Darbin\u0117 temperat\u016bra<\/span><span class=\"tech-specs-items-description__title-details\">-10 \u00b0C to 50 \u00b0C (14 \u00b0F to 122 \u00b0F)<\/span><\/li>\n<li class=\"tech-specs-items-description-list\"><span class=\"tech-specs-items-description__title\">Atsparumas dr\u0117gmei<\/span><span class=\"tech-specs-items-description__title-details\">10% to 90%<\/span><\/li>\n<li class=\"tech-specs-items-description-list\"><span class=\"tech-specs-items-description__title\">Matmenys<\/span><span class=\"tech-specs-items-description__title-details\">187 mm \u00d7 137 mm \u00d7 25.7 mm (7.36&#8243; \u00d7 5.39&#8243; \u00d7 1.01&#8243;)<\/span><\/li>\n<li class=\"tech-specs-items-description-list\"><span class=\"tech-specs-items-description__title\">Baterija<\/span><span class=\"tech-specs-items-description__title-details\">\/<\/span><\/li>\n<li class=\"tech-specs-items-description-list\"><span class=\"tech-specs-items-description__title\">Energijos \u0161altinis<\/span>\n<p class=\"mb-p\">IEEE802.3af, standard PoE<\/p>\n<p class=\"mb-p\">12 VDC, 1 A<\/p>\n<\/li>\n<li class=\"tech-specs-items-description-list\"><span class=\"tech-specs-items-description__title\">Pritaikyta veikti<\/span><span class=\"tech-specs-items-description__title-details\">Indoor<\/span><\/li>\n<li class=\"tech-specs-items-description-list\"><span class=\"tech-specs-items-description__title\">Energijos suvartojimas<\/span><span class=\"tech-specs-items-description__title-details\">\u2264 8 W<\/span><\/li>\n<\/ul>\n","protected":false},"excerpt":{"rendered":"<ul>\n<li>7 coli\u0173 lietimui jautrus monitorius<\/li>\n<li>Rai\u0161ka 1024 \u00d7 600<\/li>\n<li>\u012ediegtas Hik-Connect<\/li>\n<li>Belaidis \u012fsibrovimo apsaugos skydelis<\/li>\n<li>Tiesioginis vaizdo \u017ei\u016br\u0117jimas per telefon\u0105<\/li>\n<\/ul>\n","protected":false},"featured_media":2116,"comment_status":"closed","ping_status":"closed","template":"","meta":[],"product_brand":[],"product_cat":[128],"product_tag":[329,326,330,331],"class_list":{"0":"post-2701","1":"product","2":"type-product","3":"status-publish","4":"has-post-thumbnail","6":"product_cat-ip-telefonspynes","7":"product_tag-ds-kh9310-wte1","8":"product_tag-hikvision-domofonas","9":"product_tag-hikvision-ds-kh9310-wte1","10":"product_tag-hikvision-telefonspyne","12":"first","13":"instock","14":"shipping-taxable","15":"purchasable","16":"product-type-simple"},"jetpack_sharing_enabled":true,"_links":{"self":[{"href":"https:\/\/apsaugos.lt\/index.php?rest_route=\/wp\/v2\/product\/2701","targetHints":{"allow":["GET"]}}],"collection":[{"href":"https:\/\/apsaugos.lt\/index.php?rest_route=\/wp\/v2\/product"}],"about":[{"href":"https:\/\/apsaugos.lt\/index.php?rest_route=\/wp\/v2\/types\/product"}],"replies":[{"embeddable":true,"href":"https:\/\/apsaugos.lt\/index.php?rest_route=%2Fwp%2Fv2%2Fcomments&post=2701"}],"wp:featuredmedia":[{"embeddable":true,"href":"https:\/\/apsaugos.lt\/index.php?rest_route=\/wp\/v2\/media\/2116"}],"wp:attachment":[{"href":"https:\/\/apsaugos.lt\/index.php?rest_route=%2Fwp%2Fv2%2Fmedia&parent=2701"}],"wp:term":[{"taxonomy":"product_brand","embeddable":true,"href":"https:\/\/apsaugos.lt\/index.php?rest_route=%2Fwp%2Fv2%2Fproduct_brand&post=2701"},{"taxonomy":"product_cat","embeddable":true,"href":"https:\/\/apsaugos.lt\/index.php?rest_route=%2Fwp%2Fv2%2Fproduct_cat&post=2701"},{"taxonomy":"product_tag","embeddable":true,"href":"https:\/\/apsaugos.lt\/index.php?rest_route=%2Fwp%2Fv2%2Fproduct_tag&post=2701"}],"curies":[{"name":"wp","href":"https:\/\/api.w.org\/{rel}","templated":true}]}}