{"id":2706,"date":"2021-02-22T12:26:48","date_gmt":"2021-02-22T10:26:48","guid":{"rendered":"http:\/\/apsaugos.lt\/?product=import-placeholder-for-8824"},"modified":"2021-02-22T12:26:50","modified_gmt":"2021-02-22T10:26:50","slug":"impulsine-bistabili-rele-12-v","status":"publish","type":"product","link":"https:\/\/apsaugos.lt\/?product=impulsine-bistabili-rele-12-v","title":{"rendered":"Impulsin\u0117 ( bistabili ) rel\u0117 12 V"},"content":{"rendered":"<p>Darbin\u0117 \u012ftampa: DC 6-24V<br \/>\nDarbin\u0117 srov\u0117: 60-70MA<br \/>\nApkrovos srov\u0117: AC 250V \/ 10A, DC 30V \/ 10A<br \/>\nTrigerio re\u017eimas: ma\u017eo impulso suveikimas<br \/>\nModulio s\u0105saja:<br \/>\n1. VCC: teigiamas maitinimo \u0161altinis (VCC)<br \/>\n2. GND: neigiamas maitinimo \u0161altinis (GND)<br \/>\n3. T: ma\u017eo impulso paleidiklis<br \/>\nRel\u0117s i\u0161\u0117jimai:<br \/>\n1. NE: paprastai atidaryta rel\u0117s s\u0105saja<br \/>\n2. COM: bendrosios s\u0105sajos rel\u0117s<br \/>\n3. NC: paprastai u\u017edara rel\u0117s s\u0105saja<\/p>\n","protected":false},"excerpt":{"rendered":"<p>Impulsin\u0117 ( bistabili ) rel\u0117 12 V , skirta vieno mygtuko pajungimui. Padavus impuls\u0105 rel\u0117 suveik\u0119 , ir lieka suveikusi iki pakartotino impulso.<\/p>\n","protected":false},"featured_media":2139,"comment_status":"closed","ping_status":"closed","template":"","meta":[],"product_brand":[],"product_cat":[196,105,74],"product_tag":[340],"class_list":{"0":"post-2706","1":"product","2":"type-product","3":"status-publish","4":"has-post-thumbnail","6":"product_cat-impulsines-reles","7":"product_cat-priedai","8":"product_cat-priedai-aksesuarai","9":"product_tag-impulsine-rele","11":"first","12":"instock","13":"shipping-taxable","14":"purchasable","15":"product-type-simple"},"jetpack_sharing_enabled":true,"_links":{"self":[{"href":"https:\/\/apsaugos.lt\/index.php?rest_route=\/wp\/v2\/product\/2706","targetHints":{"allow":["GET"]}}],"collection":[{"href":"https:\/\/apsaugos.lt\/index.php?rest_route=\/wp\/v2\/product"}],"about":[{"href":"https:\/\/apsaugos.lt\/index.php?rest_route=\/wp\/v2\/types\/product"}],"replies":[{"embeddable":true,"href":"https:\/\/apsaugos.lt\/index.php?rest_route=%2Fwp%2Fv2%2Fcomments&post=2706"}],"wp:featuredmedia":[{"embeddable":true,"href":"https:\/\/apsaugos.lt\/index.php?rest_route=\/wp\/v2\/media\/2139"}],"wp:attachment":[{"href":"https:\/\/apsaugos.lt\/index.php?rest_route=%2Fwp%2Fv2%2Fmedia&parent=2706"}],"wp:term":[{"taxonomy":"product_brand","embeddable":true,"href":"https:\/\/apsaugos.lt\/index.php?rest_route=%2Fwp%2Fv2%2Fproduct_brand&post=2706"},{"taxonomy":"product_cat","embeddable":true,"href":"https:\/\/apsaugos.lt\/index.php?rest_route=%2Fwp%2Fv2%2Fproduct_cat&post=2706"},{"taxonomy":"product_tag","embeddable":true,"href":"https:\/\/apsaugos.lt\/index.php?rest_route=%2Fwp%2Fv2%2Fproduct_tag&post=2706"}],"curies":[{"name":"wp","href":"https:\/\/api.w.org\/{rel}","templated":true}]}}