{"id":2713,"date":"2021-02-22T12:26:49","date_gmt":"2021-02-22T10:26:49","guid":{"rendered":"http:\/\/apsaugos.lt\/?product=import-placeholder-for-8840"},"modified":"2021-02-22T12:26:51","modified_gmt":"2021-02-22T10:26:51","slug":"gigabit-poe-adapteris-utepo-utp7201ge-ms60","status":"publish","type":"product","link":"https:\/\/apsaugos.lt\/?product=gigabit-poe-adapteris-utepo-utp7201ge-ms60","title":{"rendered":"Gigabit PoE adapteris UTEPO UTP7201GE-MS60"},"content":{"rendered":"<table border=\"0\" cellspacing=\"0\">\n<tbody>\n<tr>\n<td rowspan=\"3\" width=\"110\">S\u0105saja<\/td>\n<td width=\"190\">\u012evesties \u012ftampa<\/td>\n<td width=\"242\">AC100V~AC240V<\/td>\n<\/tr>\n<tr>\n<td width=\"190\">Duomen\u0173 \u012fvestis<\/td>\n<td width=\"242\">1\u00d7RJ45<\/td>\n<\/tr>\n<tr>\n<td width=\"190\">PoE i\u0161vestis<\/td>\n<td width=\"242\">1\u00d7RJ45<\/td>\n<\/tr>\n<tr>\n<td rowspan=\"5\" width=\"110\">PoE<\/td>\n<td width=\"190\">PoE energija<\/td>\n<td width=\"242\">End-span\/Mid-span<\/td>\n<\/tr>\n<tr>\n<td rowspan=\"3\" width=\"190\">PoE energijos i\u0161vestis<\/td>\n<td width=\"242\">DC 54V\/60 watts max.<\/td>\n<\/tr>\n<tr>\n<td width=\"242\">Support 15W\/30W(IEEE802.3 af\/at) and<\/td>\n<\/tr>\n<tr>\n<td width=\"242\">60W auk\u0161tos galios POE<\/td>\n<\/tr>\n<tr>\n<td width=\"190\">Energijos jung\u010di\u0173 paskyrimas<\/td>\n<td width=\"242\">1\/2(-), 3\/6(+), 4\/5(+), 7\/8(-)<\/td>\n<\/tr>\n<tr>\n<td rowspan=\"4\" width=\"110\">Eterneto prievadas<\/td>\n<td width=\"190\">Sujungimo prievadas<\/td>\n<td width=\"242\">1\u00d7RJ45 Input<\/td>\n<\/tr>\n<tr>\n<td width=\"190\">Sujungimo greitis<\/td>\n<td width=\"242\">10\/100\/1000Mbps<\/td>\n<\/tr>\n<tr>\n<td width=\"190\">Sujungimo medija<\/td>\n<td width=\"242\">Cat5\/5e\/6 Cable<\/td>\n<\/tr>\n<tr>\n<td width=\"190\">Veikimo nuotolis<\/td>\n<td width=\"242\">100m (Max.)<\/td>\n<\/tr>\n<tr>\n<td rowspan=\"2\" width=\"110\">Statusas<\/td>\n<td width=\"190\">Energijos b\u016bsenos LED<\/td>\n<td width=\"242\">1 (Red)<\/td>\n<\/tr>\n<tr>\n<td width=\"190\">PoE LED<\/td>\n<td width=\"242\">\u226430W green on, &gt;30W red on<\/td>\n<\/tr>\n<tr>\n<td rowspan=\"5\" width=\"110\">Apsauga<\/td>\n<td rowspan=\"2\" width=\"190\">I\u0161krovos<\/td>\n<td width=\"242\">PoE Power: 1KV(Differential Mode),2KV(Common Mode)1.2\/50us\uff0c8\/20us<\/td>\n<\/tr>\n<tr>\n<td width=\"242\">Ethernet\uff1a2KV(Differential Mode),6KV(Common Mode)10\/7000us<\/td>\n<\/tr>\n<tr>\n<td rowspan=\"3\" width=\"190\">ESD<\/td>\n<td width=\"242\">1a Contact Discharge Level 3<\/td>\n<\/tr>\n<tr>\n<td width=\"242\">1b Air Discharge Level 3<\/td>\n<\/tr>\n<tr>\n<td width=\"242\">Per: IEC61000-4-2<\/td>\n<\/tr>\n<tr>\n<td rowspan=\"3\" width=\"110\">Aplinkosaugos<\/td>\n<td width=\"190\">Veikimo temperat\u016bra<\/td>\n<td width=\"242\">-10\u2103~50\u2103<\/td>\n<\/tr>\n<tr>\n<td width=\"190\">Laikymo temperat\u016bra<\/td>\n<td width=\"242\">-40\u2103~85\u2103<\/td>\n<\/tr>\n<tr>\n<td width=\"190\">Atsparumas dr\u0117gmei<\/td>\n<td width=\"242\">0~90%<\/td>\n<\/tr>\n<tr>\n<td rowspan=\"4\" width=\"110\">Mechaniniai parametrai<\/td>\n<td width=\"190\">Matmenys(LxWxH)<\/td>\n<td width=\"242\">160mm\u00d764mm\u00d760mm<\/td>\n<\/tr>\n<tr>\n<td width=\"190\">Med\u017eiaga<\/td>\n<td width=\"242\">ABS Plastics<\/td>\n<\/tr>\n<tr>\n<td width=\"190\">Spalva<\/td>\n<td width=\"242\">Black<\/td>\n<\/tr>\n<tr>\n<td width=\"190\">Svoris<\/td>\n<td width=\"242\">200g<\/td>\n<\/tr>\n<\/tbody>\n<\/table>\n","protected":false},"excerpt":{"rendered":"<ul>\n<li>Microsemi 60W PSE mikroschema<\/li>\n<li>I\u0161vesties energijos suvartojimas 60W<\/li>\n<li>Darbin\u0117 temperat\u016bra: -10\u2103\uff5e50\u2103<\/li>\n<li>Be au\u0161intuvo, neskleid\u017eia pa\u0161alinio garso, atsparus dulk\u0117ms<\/li>\n<li>6KV i\u0161krovos apsauga; 8KV ESD<\/li>\n<\/ul>\n","protected":false},"featured_media":2145,"comment_status":"closed","ping_status":"closed","template":"","meta":[],"product_brand":[],"product_cat":[159],"product_tag":[365,366,367],"class_list":{"0":"post-2713","1":"product","2":"type-product","3":"status-publish","4":"has-post-thumbnail","6":"product_cat-poe-adapteriai","7":"product_tag-gigabit-poe-adapteris-utepo-utp7201ge-ms60","8":"product_tag-utepo","9":"product_tag-utp7201ge-ms60","11":"first","12":"instock","13":"shipping-taxable","14":"purchasable","15":"product-type-simple"},"jetpack_sharing_enabled":true,"_links":{"self":[{"href":"https:\/\/apsaugos.lt\/index.php?rest_route=\/wp\/v2\/product\/2713","targetHints":{"allow":["GET"]}}],"collection":[{"href":"https:\/\/apsaugos.lt\/index.php?rest_route=\/wp\/v2\/product"}],"about":[{"href":"https:\/\/apsaugos.lt\/index.php?rest_route=\/wp\/v2\/types\/product"}],"replies":[{"embeddable":true,"href":"https:\/\/apsaugos.lt\/index.php?rest_route=%2Fwp%2Fv2%2Fcomments&post=2713"}],"wp:featuredmedia":[{"embeddable":true,"href":"https:\/\/apsaugos.lt\/index.php?rest_route=\/wp\/v2\/media\/2145"}],"wp:attachment":[{"href":"https:\/\/apsaugos.lt\/index.php?rest_route=%2Fwp%2Fv2%2Fmedia&parent=2713"}],"wp:term":[{"taxonomy":"product_brand","embeddable":true,"href":"https:\/\/apsaugos.lt\/index.php?rest_route=%2Fwp%2Fv2%2Fproduct_brand&post=2713"},{"taxonomy":"product_cat","embeddable":true,"href":"https:\/\/apsaugos.lt\/index.php?rest_route=%2Fwp%2Fv2%2Fproduct_cat&post=2713"},{"taxonomy":"product_tag","embeddable":true,"href":"https:\/\/apsaugos.lt\/index.php?rest_route=%2Fwp%2Fv2%2Fproduct_tag&post=2713"}],"curies":[{"name":"wp","href":"https:\/\/api.w.org\/{rel}","templated":true}]}}