{"id":2717,"date":"2021-02-22T12:26:49","date_gmt":"2021-02-22T10:26:49","guid":{"rendered":"http:\/\/apsaugos.lt\/?product=import-placeholder-for-8849"},"modified":"2021-02-22T12:26:52","modified_gmt":"2021-02-22T10:26:52","slug":"hikvision-bullet-ds-tcg227-air","status":"publish","type":"product","link":"https:\/\/apsaugos.lt\/?product=hikvision-bullet-ds-tcg227-air","title":{"rendered":"Hikvision bullet DS-TCG227-AIR"},"content":{"rendered":"<div id=\"content-wrapper\">\n<section id=\"main\">\n<div id=\"tabInfoproduct\" class=\"tabs\">\n<div id=\"tab-content\" class=\"tab-content\">\n<div id=\"description\" class=\"tab-pane fade in active\">\n<div class=\"product-description\">\n<div class=\"tech-specs-items-description-wrap\">\n<ul class=\"tech-specs-items-description\" data-target=\"Camera\">\n<li class=\"tech-specs-items-description-list\"><span class=\"tech-specs-items-description__title--heading\">Kamera<\/span><\/li>\n<li class=\"tech-specs-items-description-list\"><span class=\"tech-specs-items-description__title\">Sensorius<\/span><span class=\"tech-specs-items-description__title-details\">1\/2.8&#8243; Progressive Scan CMOS<\/span><\/li>\n<li class=\"tech-specs-items-description-list\"><span class=\"tech-specs-items-description__title\">Min. ap\u0161vietimas<\/span>\n<p class=\"mb-p\">Color: 0.002Lux@(F1.2, AGC ON)<\/p>\n<p class=\"mb-p\">B\/W: 0.002Lux@(F1.2, AGC ON)<\/p>\n<p class=\"mb-p\">\n<\/li>\n<li class=\"tech-specs-items-description-list\"><span class=\"tech-specs-items-description__title\">U\u017erakto greitis<\/span><span class=\"tech-specs-items-description__title-details\">1\/30 s to 1\/100,000 s<\/span><\/li>\n<li class=\"tech-specs-items-description-list\"><span class=\"tech-specs-items-description__title\">L\u0119\u0161iai<\/span><span class=\"tech-specs-items-description__title-details\">3.1 mm to 9 mm<\/span><\/li>\n<li class=\"tech-specs-items-description-list\"><span class=\"tech-specs-items-description__title\">IR filtras<\/span><span class=\"tech-specs-items-description__title-details\">Support<\/span><\/li>\n<\/ul>\n<ul class=\"tech-specs-items-description\" data-target=\"Compression Standard\">\n<li class=\"tech-specs-items-description-list\"><span class=\"tech-specs-items-description__title--heading\">Suspaudimo standartas<\/span><\/li>\n<li class=\"tech-specs-items-description-list\"><span class=\"tech-specs-items-description__title\">Vaizdo suspaudimas<\/span><span class=\"tech-specs-items-description__title-details\">H.265, H.264<\/span><\/li>\n<li class=\"tech-specs-items-description-list\"><span class=\"tech-specs-items-description__title\">Vaizdo bit\u0173 greitis<\/span><span class=\"tech-specs-items-description__title-details\">32 Kbps to 16 Mbps<\/span><\/li>\n<\/ul>\n<ul class=\"tech-specs-items-description\" data-target=\"Image\">\n<li class=\"tech-specs-items-description-list\"><span class=\"tech-specs-items-description__title--heading\">Nuotraukos<\/span><\/li>\n<li class=\"tech-specs-items-description-list\"><span class=\"tech-specs-items-description__title\">Maks. rai\u0161ka<\/span><span class=\"tech-specs-items-description__title-details\">1920 \u00d7 1200<\/span><\/li>\n<li class=\"tech-specs-items-description-list\"><span class=\"tech-specs-items-description__title\">Vaizdo nustatymai<\/span>\n<p class=\"mb-p\">Saturation: 0 to 100<\/p>\n<p class=\"mb-p\">Brightness: 0 to 100<\/p>\n<p class=\"mb-p\">Contrast: 0 to 100<\/p>\n<p class=\"mb-p\">Gain: 0 to 100<\/p>\n<p class=\"mb-p\">3D DNR: Off, Normal and Expert modes are selectable.<\/p>\n<p class=\"mb-p\">White balance: White Balance 1 and White Balance 2 are selectable.<\/p>\n<p class=\"mb-p\">\n<\/li>\n<li class=\"tech-specs-items-description-list\"><span class=\"tech-specs-items-description__title\">Nuotrauk\u0173 formatas<\/span><span class=\"tech-specs-items-description__title-details\">JPEG<\/span><\/li>\n<li class=\"tech-specs-items-description-list\"><span class=\"tech-specs-items-description__title\">Kadr\u0173 greitis<\/span><span class=\"tech-specs-items-description__title-details\">25 fps(1920 \u00d7 1200)<\/span><\/li>\n<\/ul>\n<ul class=\"tech-specs-items-description\" data-target=\"Network\">\n<li class=\"tech-specs-items-description-list\"><span class=\"tech-specs-items-description__title--heading\">Tinklas<\/span><\/li>\n<li class=\"tech-specs-items-description-list\"><span class=\"tech-specs-items-description__title\">Tinklo saugykla<\/span><span class=\"tech-specs-items-description__title-details\">TF<\/span><\/li>\n<li class=\"tech-specs-items-description-list\"><span class=\"tech-specs-items-description__title\">Protokolai<\/span><span class=\"tech-specs-items-description__title-details\">TCP\/IP, HTTP, DHCP, DNS, RTP, RTSP, NTP, FTP Upload Pictures<\/span><\/li>\n<li class=\"tech-specs-items-description-list\"><span class=\"tech-specs-items-description__title\">Apsauga<\/span><span class=\"tech-specs-items-description__title-details\">User Authentication, Heartbeat, NTP<\/span><\/li>\n<li class=\"tech-specs-items-description-list\"><span class=\"tech-specs-items-description__title\">API<\/span><span class=\"tech-specs-items-description__title-details\">ISAPI, SDK<\/span><\/li>\n<\/ul>\n<ul class=\"tech-specs-items-description\" data-target=\"Interfaces\">\n<li class=\"tech-specs-items-description-list\"><span class=\"tech-specs-items-description__title--heading\">S\u0105sajos<\/span><\/li>\n<li class=\"tech-specs-items-description-list\"><span class=\"tech-specs-items-description__title\">Serial prievadas<\/span><span class=\"tech-specs-items-description__title-details\">1 RS-485 Port, 1 RS-232 Port<\/span><\/li>\n<li class=\"tech-specs-items-description-list\"><span class=\"tech-specs-items-description__title\">\u012emontuotas LED ap\u0161vietimas<\/span><span class=\"tech-specs-items-description__title-details\">2 built-in LEDs<\/span><\/li>\n<li class=\"tech-specs-items-description-list\"><span class=\"tech-specs-items-description__title\">Garso i\u0161vestis<\/span><span class=\"tech-specs-items-description__title-details\">1-ch audio output<\/span><\/li>\n<li class=\"tech-specs-items-description-list\"><span class=\"tech-specs-items-description__title\">Suaktyvinta \u012fvestis<\/span><span class=\"tech-specs-items-description__title-details\">3-ch triggered input, including 1-ch I\/O triggered input and 2-ch alarm input<\/span><\/li>\n<li class=\"tech-specs-items-description-list\"><span class=\"tech-specs-items-description__title\">R\u0117lin\u0117 i\u0161vestis<\/span><span class=\"tech-specs-items-description__title-details\">2-ch relay output, support open\/close of barrier gates<\/span><\/li>\n<li class=\"tech-specs-items-description-list\"><span class=\"tech-specs-items-description__title\">Atminties kortel\u0117<\/span><span class=\"tech-specs-items-description__title-details\">1 TF card slot, up to 128GB<\/span><\/li>\n<li class=\"tech-specs-items-description-list\"><span class=\"tech-specs-items-description__title\">Bendravimo s\u0105saja<\/span><span class=\"tech-specs-items-description__title-details\">1 RJ45 10M\/100M\/1000M Ethernet port<\/span><\/li>\n<\/ul>\n<ul class=\"tech-specs-items-description\" data-target=\"General\">\n<li class=\"tech-specs-items-description-list\"><span class=\"tech-specs-items-description__title--heading\">Pagrindinis<\/span><\/li>\n<li class=\"tech-specs-items-description-list\"><span class=\"tech-specs-items-description__title\">Veikimo temperat\u016bra<\/span><span class=\"tech-specs-items-description__title-details\">-30\u00b0C to 70\u00b0C (-22\u00b0F to 158\u00b0F)<\/span><\/li>\n<li class=\"tech-specs-items-description-list\"><span class=\"tech-specs-items-description__title\">Atsparumas dr\u0117gmei<\/span><span class=\"tech-specs-items-description__title-details\">90% or less (non-condensing)<\/span><\/li>\n<li class=\"tech-specs-items-description-list\"><span class=\"tech-specs-items-description__title\">Energijos \u0161altinis<\/span><span class=\"tech-specs-items-description__title-details\">12 VDC, PoE (802.3af)<\/span><\/li>\n<li class=\"tech-specs-items-description-list\"><span class=\"tech-specs-items-description__title\">Energijos suvartojimas<\/span><span class=\"tech-specs-items-description__title-details\">12 VDC, 1.0 A, 20 W<\/span><\/li>\n<li class=\"tech-specs-items-description-list\"><span class=\"tech-specs-items-description__title\">Apsaugos lygis<\/span><span class=\"tech-specs-items-description__title-details\">IP67, IK10<\/span><\/li>\n<\/ul>\n<ul class=\"tech-specs-items-description\" data-target=\"Snapshot\">\n<li class=\"tech-specs-items-description-list\"><span class=\"tech-specs-items-description__title--heading\">Fotografavimas<\/span><\/li>\n<li class=\"tech-specs-items-description-list\"><span class=\"tech-specs-items-description__title\">Analiz\u0117<\/span><span class=\"tech-specs-items-description__title-details\">Support ANPR<\/span><\/li>\n<li class=\"tech-specs-items-description-list\"><span class=\"tech-specs-items-description__title\">LED ap\u0161vietimo valdymas<\/span><span class=\"tech-specs-items-description__title-details\">Support automatic light control\/time control of LEDs<\/span><\/li>\n<li class=\"tech-specs-items-description-list\"><span class=\"tech-specs-items-description__title\">Nuotrauk\u0173 formatas<\/span><span class=\"tech-specs-items-description__title-details\">JPEG with configurable quality<\/span><\/li>\n<\/ul>\n<ul class=\"tech-specs-items-description\" data-target=\"Vehicle Recognition\">\n<li class=\"tech-specs-items-description-list\"><span class=\"tech-specs-items-description__title--heading\">Ma\u0161in\u0173 atpa\u017einimas<\/span><\/li>\n<li class=\"tech-specs-items-description-list\"><span class=\"tech-specs-items-description__title\">Ma\u0161in\u0173 spalvos atpa\u017einimas<\/span><span class=\"tech-specs-items-description__title-details\">Red, yellow(including orange), green, blue, purple, brown, white, grey(including silvery), black<\/span><\/li>\n<li class=\"tech-specs-items-description-list\"><span class=\"tech-specs-items-description__title\">Ma\u0161in\u0173 modelio atpa\u017einimas<\/span><span class=\"tech-specs-items-description__title-details\">Hyundai, Toyota, Kia, Honda, Volkswagen, Benz, Nissan, Ford, ISUZU, BMW, Chevrolet, Mitsubishi, Renault, Opel, Suzuki, Skoda, Daewoo, Audi, Mazda, Hino, Peugeot, Ssang Yong, Citroen, Fiat, Scania, MAN, Volvo, Lexus, Seat, Land Rover, Daihatsu, UD Trucks, Subaru, IVECO, MINI, Jeep, Porsche, Chery, Dodge, Chrysler, Acura, Alfa Romeo, Great Wall, Infiniti, Smart, SAIC Maxus, JAC, Jaguar, GMC, Lincoln, JMC, SAAB, FAW, Yutong, Mercury, Joylong, Geely, Cadillac, Jinbei, Ankai, Haima, Foton, King Long, Dongfeng, Emgrand<\/span><\/li>\n<li class=\"tech-specs-items-description-list\"><span class=\"tech-specs-items-description__title\">\u0160alies ir regiono atpa\u017einimas pagal ANPR<\/span>\n<p class=\"mb-p\">European and Russian-Speaking Regions:<\/p>\n<p class=\"mb-p\">Turkey, Croatia, Slovakia, Czech Republic, Bulgaria, Macedonia, Hungary, Greece, Poland, France, Netherlands, Switzerland, Spain, United Kingdom, Ireland, Germany, Italy, Austria, Israel, Ukraine, Kyrgyzstan, and Russian Federation<\/p>\n<p class=\"mb-p\">\n<\/li>\n<li class=\"tech-specs-items-description-list\"><span class=\"tech-specs-items-description__title\">ANPR atpa\u017einimo tikslumas(Under recommended installation and lighting conditions)<\/span>\n<p class=\"mb-p\">Capture rate &gt; 98%<\/p>\n<p class=\"mb-p\">Vehicle moving direction recognition accuracy &gt; 96%<\/p>\n<p class=\"mb-p\">Mistaken capture rate &lt; 2% (entrance\/exit), &lt; 5% (checkpoint)<\/p>\n<p class=\"mb-p\">European and Russian-Speaking Regions:<\/p>\n<p class=\"mb-p\">LPR accuracy &gt; 98%<\/p>\n<p class=\"mb-p\">Country\/Region recognition accuracy &gt; 98%<\/p>\n<p class=\"mb-p\">\n<\/li>\n<li class=\"tech-specs-items-description-list\"><span class=\"tech-specs-items-description__title\">Ma\u0161in\u0173 tipas<\/span><span class=\"tech-specs-items-description__title-details\">Car (including SUV, MPV, Pickup)\/truck\/bus\/van<\/span><\/li>\n<\/ul>\n<\/div>\n<\/div>\n<\/div>\n<\/div>\n<\/div>\n<footer class=\"page-footer\"><\/footer>\n<\/section>\n<\/div>\n<div class=\"dor-before-product clearfix\">\n<div class=\"clearfix blockproductscategory show-hover2\"><\/div>\n<\/div>\n","protected":false},"excerpt":{"rendered":"<ul>\n<li>2MP IP bullet kamera<\/li>\n<li>3.1 to 9mm motorizuotas l\u0119\u0161is<\/li>\n<li>IP67<\/li>\n<li>IK10<\/li>\n<li>Palaiko r\u0117lin\u0119 i\u0161vest\u012f i ma\u0161in\u0173 barjiero valdikl\u012f.<\/li>\n<li>Palaiko ne\u0161vari\u0173 valstybini\u0173 numeri\u0173 atpa\u017einim\u0105<\/li>\n<li>Atpa\u017e\u012fsta ma\u0161inos tip\u0105, spalv\u0105, model\u012f.<\/li>\n<li>Iki 30,000 baltojo s\u0105ra\u0161o reik\u0161mi\u0173<\/li>\n<li>Valdymas neprijungus prie interneto<\/li>\n<\/ul>\n","protected":false},"featured_media":2149,"comment_status":"closed","ping_status":"closed","template":"","meta":[],"product_brand":[],"product_cat":[102],"product_tag":[375,376,377,378,379],"class_list":{"0":"post-2717","1":"product","2":"type-product","3":"status-publish","4":"has-post-thumbnail","6":"product_cat-numeriu-atpazinimo-sistema","7":"product_tag-anpr-kamera","8":"product_tag-anpr-kamera-ds-tcg227-air","9":"product_tag-hikvision-bullet-ds-tcg227-air","10":"product_tag-numeriu-kamera","11":"product_tag-numeriu-nuskaitymo-kamera","13":"first","14":"instock","15":"shipping-taxable","16":"purchasable","17":"product-type-simple"},"jetpack_sharing_enabled":true,"_links":{"self":[{"href":"https:\/\/apsaugos.lt\/index.php?rest_route=\/wp\/v2\/product\/2717","targetHints":{"allow":["GET"]}}],"collection":[{"href":"https:\/\/apsaugos.lt\/index.php?rest_route=\/wp\/v2\/product"}],"about":[{"href":"https:\/\/apsaugos.lt\/index.php?rest_route=\/wp\/v2\/types\/product"}],"replies":[{"embeddable":true,"href":"https:\/\/apsaugos.lt\/index.php?rest_route=%2Fwp%2Fv2%2Fcomments&post=2717"}],"wp:featuredmedia":[{"embeddable":true,"href":"https:\/\/apsaugos.lt\/index.php?rest_route=\/wp\/v2\/media\/2149"}],"wp:attachment":[{"href":"https:\/\/apsaugos.lt\/index.php?rest_route=%2Fwp%2Fv2%2Fmedia&parent=2717"}],"wp:term":[{"taxonomy":"product_brand","embeddable":true,"href":"https:\/\/apsaugos.lt\/index.php?rest_route=%2Fwp%2Fv2%2Fproduct_brand&post=2717"},{"taxonomy":"product_cat","embeddable":true,"href":"https:\/\/apsaugos.lt\/index.php?rest_route=%2Fwp%2Fv2%2Fproduct_cat&post=2717"},{"taxonomy":"product_tag","embeddable":true,"href":"https:\/\/apsaugos.lt\/index.php?rest_route=%2Fwp%2Fv2%2Fproduct_tag&post=2717"}],"curies":[{"name":"wp","href":"https:\/\/api.w.org\/{rel}","templated":true}]}}