{"id":2726,"date":"2021-02-22T17:44:34","date_gmt":"2021-02-22T15:44:34","guid":{"rendered":"http:\/\/apsaugos.lt\/?post_type=product&#038;p=2726"},"modified":"2021-02-22T17:47:42","modified_gmt":"2021-02-22T15:47:42","slug":"veidu-skaitytuvas-su-karsciavimo-aptikimu-hikvision-ds-k1ta70mi-t","status":"publish","type":"product","link":"https:\/\/apsaugos.lt\/?product=veidu-skaitytuvas-su-karsciavimo-aptikimu-hikvision-ds-k1ta70mi-t","title":{"rendered":"Veid\u0173 skaitytuvas su kar\u0161\u010diavimo aptikimu Hikvision DS-K1TA70MI-T"},"content":{"rendered":"<div id=\"content-wrapper\">\n<section id=\"main\">\n<div id=\"tabInfoproduct\" class=\"tabs\">\n<div id=\"tab-content\" class=\"tab-content\">\n<div id=\"description\" class=\"tab-pane fade in active\">\n<div class=\"product-description\">\n<table border=\"0\">\n<tbody>\n<tr>\n<td>Temperat\u016bros matavimo diapazonas<\/td>\n<td>Nuo 30 \u00b0C iki 45 \u00b0C<\/td>\n<\/tr>\n<tr>\n<td>Sensorius<\/td>\n<td>Vanad\u017eio oksido neat\u0161aldytas jutiklis<\/td>\n<\/tr>\n<tr>\n<td>Rai\u0161ka<\/td>\n<td>120 \u00d7 160<\/td>\n<\/tr>\n<tr>\n<td>Kadr\u0173 skai\u010dius<\/td>\n<td>25 kps<\/td>\n<\/tr>\n<tr>\n<td>Matavimo tikslumas<\/td>\n<td>0.1 \u00b0C<\/td>\n<\/tr>\n<tr>\n<td>Matavimo nuokrypis<\/td>\n<td>\u00b1 0.5 \u00b0C<\/td>\n<\/tr>\n<tr>\n<td>Matavimo atstumas<\/td>\n<td>Nuo 0.3 iki 1.8 m<\/td>\n<\/tr>\n<tr>\n<td>Ekrano dydis<\/td>\n<td>7 coliai<\/td>\n<\/tr>\n<tr>\n<td>Ekrano tipas<\/td>\n<td>Lie\u010diamas<\/td>\n<\/tr>\n<tr>\n<td>Valdymo b\u016bdas<\/td>\n<td>Lie\u010diamas ekranas<\/td>\n<\/tr>\n<tr>\n<td>Kameros rai\u0161ka<\/td>\n<td>2 MP<\/td>\n<\/tr>\n<tr>\n<td>Objektyvas<\/td>\n<td>Dviguba linz\u0117<\/td>\n<\/tr>\n<tr>\n<td>Laidinis tinklas<\/td>\n<td>Palaikymas, 10\/100\/1000 Mbps savaime pritaikomas<\/td>\n<\/tr>\n<tr>\n<td>Tinklo jungtis<\/td>\n<td>1<\/td>\n<\/tr>\n<tr>\n<td>RS-485<\/td>\n<td>1<\/td>\n<\/tr>\n<tr>\n<td>Wiegand<\/td>\n<td>1<\/td>\n<\/tr>\n<tr>\n<td>U\u017erakinimo i\u0161\u0117jimas<\/td>\n<td>1<\/td>\n<\/tr>\n<tr>\n<td>I\u0161\u0117jimo mygtukas<\/td>\n<td>1<\/td>\n<\/tr>\n<tr>\n<td>Dur\u0173 kontakto \u012f\u0117jimas<\/td>\n<td>1<\/td>\n<\/tr>\n<tr>\n<td>TAMPER<\/td>\n<td>1<\/td>\n<\/tr>\n<tr>\n<td>Korteli\u0173 atmintis<\/td>\n<td>6.000<\/td>\n<\/tr>\n<tr>\n<td>Veid\u0173 atmintis<\/td>\n<td>6.000<\/td>\n<\/tr>\n<tr>\n<td>\u012evyki\u0173 atmintis<\/td>\n<td>100.000<\/td>\n<\/tr>\n<tr>\n<td>Kortel\u0117s tipas<\/td>\n<td>Mifare<\/td>\n<\/tr>\n<tr>\n<td>Kortel\u0117s nuskaitymo atstumas<\/td>\n<td>Nuo 0 iki 5 cm<\/td>\n<\/tr>\n<tr>\n<td>Kortel\u0117s nuskaitymo laikas<\/td>\n<td>&lt; 0.1<\/td>\n<\/tr>\n<tr>\n<td>Veido atpa\u017einimo laikas<\/td>\n<td>&lt; 0.2 s asmeniui<\/td>\n<\/tr>\n<tr>\n<td>Veido atpa\u017einmo atstumas<\/td>\n<td>Nuo 0.3 iki\u00a01.8 m<\/td>\n<\/tr>\n<tr>\n<td>Apsauga nuo apgaul\u0117s veido atpa\u017einimui<\/td>\n<td>Taip<\/td>\n<\/tr>\n<tr>\n<td>Garsas<\/td>\n<td>Taip<\/td>\n<\/tr>\n<tr>\n<td>Maitinimas<\/td>\n<td>12 VDC\/2 A<\/td>\n<\/tr>\n<tr>\n<td>Darbin\u0117 temperat\u016bra<\/td>\n<td>Nuo 0 \u00b0C iki 50 \u00b0C<br \/>\nTemperat\u016bros matavimui: Nuo 10 \u00b0C iki 35 \u00b0C<\/td>\n<\/tr>\n<tr>\n<td>Darbin\u0117 dr\u0117gm\u0117<\/td>\n<td>Nuo 10 iki 90% (be kondensatos)<\/td>\n<\/tr>\n<tr>\n<td>Naudojimo aplinka<\/td>\n<td>Naudoti tik patalpose be v\u0117jo<\/td>\n<\/tr>\n<\/tbody>\n<\/table>\n<\/div>\n<\/div>\n<\/div>\n<\/div>\n<footer class=\"page-footer\"><\/footer>\n<\/section>\n<\/div>\n<div class=\"dor-before-product clearfix\">\n<div class=\"clearfix blockproductscategory show-hover2\"><\/div>\n<\/div>\n","protected":false},"excerpt":{"rendered":"<ul>\n<li>Temperat\u016bros matavimo diapazonas: nuo 30 \u00b0C iki 45 \u00b0C<\/li>\n<li>Matavimo\u00a0paklaida 0.5 \u00b0C<\/li>\n<li>Atpa\u017einimo atstumas: nuo 0.3 iki\u00a01,8 m<\/li>\n<li>Autentifikacijos re\u017eimai: kortel\u0117 ir temperat\u016bra, veidas ir temperat\u016bra, kortel\u0117 ir veidas bei temperat\u016bra ir kt.<\/li>\n<li>Kauk\u0117s d\u0117v\u0117jimo persp\u0117jimas<\/li>\n<li>6000 veid\u0173, 6000 korteli\u0173 ir 100.000 \u012fvyki\u0173 atmintis<\/li>\n<li>Si\u016blomas veido atpa\u017einimo auk\u0161tis: nuo 1.4 m iki 1.9 m<\/li>\n<li>Vanad\u017eio oksido neat\u0161aldytas jutiklis<\/li>\n<li>Kortel\u0117s tipas: myfare<\/li>\n<\/ul>\n","protected":false},"featured_media":2728,"comment_status":"open","ping_status":"closed","template":"","meta":[],"product_brand":[],"product_cat":[21],"product_tag":[396,397,398],"class_list":{"0":"post-2726","1":"product","2":"type-product","3":"status-publish","4":"has-post-thumbnail","6":"product_cat-pirstu-antspaudu-veido-skaitytuvai","7":"product_tag-ds-k1ta70mi-t","8":"product_tag-hikvision-ds-k1ta70mi-t","9":"product_tag-veido-skaitytuvas","11":"first","12":"instock","13":"shipping-taxable","14":"purchasable","15":"product-type-simple"},"jetpack_sharing_enabled":true,"_links":{"self":[{"href":"https:\/\/apsaugos.lt\/index.php?rest_route=\/wp\/v2\/product\/2726","targetHints":{"allow":["GET"]}}],"collection":[{"href":"https:\/\/apsaugos.lt\/index.php?rest_route=\/wp\/v2\/product"}],"about":[{"href":"https:\/\/apsaugos.lt\/index.php?rest_route=\/wp\/v2\/types\/product"}],"replies":[{"embeddable":true,"href":"https:\/\/apsaugos.lt\/index.php?rest_route=%2Fwp%2Fv2%2Fcomments&post=2726"}],"wp:featuredmedia":[{"embeddable":true,"href":"https:\/\/apsaugos.lt\/index.php?rest_route=\/wp\/v2\/media\/2728"}],"wp:attachment":[{"href":"https:\/\/apsaugos.lt\/index.php?rest_route=%2Fwp%2Fv2%2Fmedia&parent=2726"}],"wp:term":[{"taxonomy":"product_brand","embeddable":true,"href":"https:\/\/apsaugos.lt\/index.php?rest_route=%2Fwp%2Fv2%2Fproduct_brand&post=2726"},{"taxonomy":"product_cat","embeddable":true,"href":"https:\/\/apsaugos.lt\/index.php?rest_route=%2Fwp%2Fv2%2Fproduct_cat&post=2726"},{"taxonomy":"product_tag","embeddable":true,"href":"https:\/\/apsaugos.lt\/index.php?rest_route=%2Fwp%2Fv2%2Fproduct_tag&post=2726"}],"curies":[{"name":"wp","href":"https:\/\/api.w.org\/{rel}","templated":true}]}}