{"id":2729,"date":"2021-02-22T17:52:21","date_gmt":"2021-02-22T15:52:21","guid":{"rendered":"http:\/\/apsaugos.lt\/?post_type=product&#038;p=2729"},"modified":"2021-02-22T17:52:21","modified_gmt":"2021-02-22T15:52:21","slug":"hikvision-skaitytuvas-su-karsciavimo-aptikimu-ds-mdh005-b","status":"publish","type":"product","link":"https:\/\/apsaugos.lt\/?product=hikvision-skaitytuvas-su-karsciavimo-aptikimu-ds-mdh005-b","title":{"rendered":"Hikvision skaitytuvas su kar\u0161\u010diavimo aptikimu DS-MDH005-B"},"content":{"rendered":"<ul class=\"tech-specs-items-description\" data-target=\"Camera\">\n<li class=\"tech-specs-items-description-list\"><span class=\"tech-specs-items-description__title--heading\">Kamera<\/span><\/li>\n<li class=\"tech-specs-items-description-list\"><span class=\"tech-specs-items-description__title\">Sensoriaus tipas<\/span><span class=\"tech-specs-items-description__title-details\">CMOS<\/span><\/li>\n<\/ul>\n<ul class=\"tech-specs-items-description\" data-target=\"Screen\">\n<li class=\"tech-specs-items-description-list\"><span class=\"tech-specs-items-description__title--heading\">Ekranas<\/span><\/li>\n<li class=\"tech-specs-items-description-list\"><span class=\"tech-specs-items-description__title\">Ekrano dydis<\/span><span class=\"tech-specs-items-description__title-details\">10 inch<\/span><\/li>\n<li class=\"tech-specs-items-description-list\"><span class=\"tech-specs-items-description__title\">Rai\u0161ka<\/span><span class=\"tech-specs-items-description__title-details\">1024 \u00d7 600<\/span><\/li>\n<li class=\"tech-specs-items-description-list\"><span class=\"tech-specs-items-description__title\">Max. ry\u0161kumas<\/span><span class=\"tech-specs-items-description__title-details\">500 cd\/m2<\/span><\/li>\n<li class=\"tech-specs-items-description-list\"><span class=\"tech-specs-items-description__title\">Lietimui jautrus ekranas<\/span><span class=\"tech-specs-items-description__title-details\">Capacitive touchscreen<\/span><\/li>\n<\/ul>\n<ul class=\"tech-specs-items-description\" data-target=\"Image\">\n<li class=\"tech-specs-items-description-list\"><span class=\"tech-specs-items-description__title--heading\">Nuotraukos<\/span><\/li>\n<li class=\"tech-specs-items-description-list\"><span class=\"tech-specs-items-description__title\">Horizontalus FOV<\/span><span class=\"tech-specs-items-description__title-details\">68\u00b0<\/span><\/li>\n<li class=\"tech-specs-items-description-list\"><span class=\"tech-specs-items-description__title\">Vertikalus FOV<\/span><span class=\"tech-specs-items-description__title-details\">51\u00b0<\/span><\/li>\n<li class=\"tech-specs-items-description-list\"><span class=\"tech-specs-items-description__title\">\u012estri\u017eas FOV<\/span><span class=\"tech-specs-items-description__title-details\">84.8\u00b0<\/span><\/li>\n<\/ul>\n<ul class=\"tech-specs-items-description\" data-target=\"General\">\n<li class=\"tech-specs-items-description-list\"><span class=\"tech-specs-items-description__title--heading\">Pagrindinis<\/span><\/li>\n<li class=\"tech-specs-items-description-list\"><span class=\"tech-specs-items-description__title\">Produkto svoris<\/span><span class=\"tech-specs-items-description__title-details\">2 kg (4.4 lb)<\/span><\/li>\n<li class=\"tech-specs-items-description-list\"><span class=\"tech-specs-items-description__title\">Produkto matmenys<\/span><span class=\"tech-specs-items-description__title-details\">321 \u00d7 169 \u00d7 41 mm (12.6&#8243; \u00d7 6.6&#8243; \u00d7 1.6&#8243;)<\/span><\/li>\n<li class=\"tech-specs-items-description-list\"><span class=\"tech-specs-items-description__title\">Energijos \u0161altinio r\u0117\u017eimas<\/span><span class=\"tech-specs-items-description__title-details\">External power supply<\/span><\/li>\n<li class=\"tech-specs-items-description-list\"><span class=\"tech-specs-items-description__title\">Darbin\u0117 temperat\u016bra<\/span>\n<p class=\"mb-p\">-20 \u00b0C to 60 \u00b0C (-4 \u00b0F to 140 \u00b0F)<\/p>\n<p class=\"mb-p\">For temperature measurement: 10 \u00b0C to 35 \u00b0C(50 \u00b0F to 95 \u00b0F)<\/p>\n<p class=\"mb-p\">\n<\/li>\n<li class=\"tech-specs-items-description-list\"><span class=\"tech-specs-items-description__title\">Atsparumas dr\u0117gmei<\/span><span class=\"tech-specs-items-description__title-details\">10 to 90% (no condensation)<\/span><\/li>\n<\/ul>\n<ul class=\"tech-specs-items-description\" data-target=\"Storage\">\n<li class=\"tech-specs-items-description-list\"><span class=\"tech-specs-items-description__title--heading\">Talpa<\/span><\/li>\n<li class=\"tech-specs-items-description-list\"><span class=\"tech-specs-items-description__title\">Embedded talpykla<\/span><span class=\"tech-specs-items-description__title-details\">TF<\/span><\/li>\n<li class=\"tech-specs-items-description-list\"><span class=\"tech-specs-items-description__title\">Embedded talpa<\/span><span class=\"tech-specs-items-description__title-details\">32 GB<\/span><\/li>\n<\/ul>\n","protected":false},"excerpt":{"rendered":"<ul>\n<li>3 mm temperat\u016br\u0105 skaitantis l\u0119\u0161is<\/li>\n<li>Min. temperat\u016bros nustatymo nuotolis: 0.3 m<\/li>\n<li>Aptinkamos temperat\u016bros diapozonas: 30 \u00b0C to 45 \u00b0C (86 \u00b0F to 113 \u00b0F)<\/li>\n<li>Aptinkamos temperat\u016bros tikslumas: 0.1 \u00b0C(32.2 \u00b0F)<\/li>\n<li>120 \u00d7 160 rai\u0161ka<\/li>\n<\/ul>\n","protected":false},"featured_media":2731,"comment_status":"open","ping_status":"closed","template":"","meta":[],"product_brand":[],"product_cat":[21],"product_tag":[399,32,400],"class_list":{"0":"post-2729","1":"product","2":"type-product","3":"status-publish","4":"has-post-thumbnail","6":"product_cat-pirstu-antspaudu-veido-skaitytuvai","7":"product_tag-ds-mdh005-b","8":"product_tag-hikvision","9":"product_tag-hikvision-ds-mdh005-b","11":"first","12":"instock","13":"shipping-taxable","14":"purchasable","15":"product-type-simple"},"jetpack_sharing_enabled":true,"_links":{"self":[{"href":"https:\/\/apsaugos.lt\/index.php?rest_route=\/wp\/v2\/product\/2729","targetHints":{"allow":["GET"]}}],"collection":[{"href":"https:\/\/apsaugos.lt\/index.php?rest_route=\/wp\/v2\/product"}],"about":[{"href":"https:\/\/apsaugos.lt\/index.php?rest_route=\/wp\/v2\/types\/product"}],"replies":[{"embeddable":true,"href":"https:\/\/apsaugos.lt\/index.php?rest_route=%2Fwp%2Fv2%2Fcomments&post=2729"}],"wp:featuredmedia":[{"embeddable":true,"href":"https:\/\/apsaugos.lt\/index.php?rest_route=\/wp\/v2\/media\/2731"}],"wp:attachment":[{"href":"https:\/\/apsaugos.lt\/index.php?rest_route=%2Fwp%2Fv2%2Fmedia&parent=2729"}],"wp:term":[{"taxonomy":"product_brand","embeddable":true,"href":"https:\/\/apsaugos.lt\/index.php?rest_route=%2Fwp%2Fv2%2Fproduct_brand&post=2729"},{"taxonomy":"product_cat","embeddable":true,"href":"https:\/\/apsaugos.lt\/index.php?rest_route=%2Fwp%2Fv2%2Fproduct_cat&post=2729"},{"taxonomy":"product_tag","embeddable":true,"href":"https:\/\/apsaugos.lt\/index.php?rest_route=%2Fwp%2Fv2%2Fproduct_tag&post=2729"}],"curies":[{"name":"wp","href":"https:\/\/api.w.org\/{rel}","templated":true}]}}