{"id":2732,"date":"2021-02-22T17:54:18","date_gmt":"2021-02-22T15:54:18","guid":{"rendered":"http:\/\/apsaugos.lt\/?post_type=product&#038;p=2732"},"modified":"2021-02-22T17:54:18","modified_gmt":"2021-02-22T15:54:18","slug":"elektroninis-universalus-cilindras-ttlock-bluetooth-c11b","status":"publish","type":"product","link":"https:\/\/apsaugos.lt\/?product=elektroninis-universalus-cilindras-ttlock-bluetooth-c11b","title":{"rendered":"Elektroninis universalus cilindras TTLOCK Bluetooth C11B"},"content":{"rendered":"<p>Apra\u0161ymas<br \/>\nCilindro standartas EU Standartas<br \/>\nUniversalus cilindras su galimais matmen\u0173 pasirinkimais<\/p>\n<p>30 mm x 30 mm<br \/>\n35 mm x 35 mm<br \/>\n40 mm x 40 mm<br \/>\n45 mm x 45 mm<br \/>\n50 mm x 50 mm<br \/>\n55 mm x 55 mm<br \/>\nAtrakinimo b\u016bdai Magnetin\u0117s kortel\u0117s<br \/>\nPIN kodais<br \/>\nI\u0161maniuoju telefonu program\u0117le TTLock (Bluetooth)<br \/>\nNuotoliniu b\u016bdu (Wi-Fi) * per GV2 valdikl\u012f.<br \/>\nRaktais<br \/>\nSpalva Sidabrin\u0117<br \/>\nBaterijos Kei\u010diamos 4 x AAA tipo baterijos<br \/>\nBaterij\u0173 tarnavimo laikas &gt; 1 metai<br \/>\nTinkamumas lauko s\u0105lygoms IP44<br \/>\nApsaugos lygis SuperB, Banko apsaugos lygis<br \/>\nU\u017erakinimo-atrakinimo cikl\u0173 kiekis 100,000 kart\u0173<br \/>\nDarbin\u0117 temperat\u016bra -10\u2103\uff5e55\u2103<\/p>\n","protected":false},"excerpt":{"rendered":"<ul>\n<li>U\u017erakto valdymas telefonu \u201cBluetooth\u201d ry\u0161iu<\/li>\n<li>Prieigos suteikimas kitiems asmenims per \u201cTTLock\u201d program\u0117l\u0119<\/li>\n<li>Laikini PIN kodai<\/li>\n<li>Automatinis u\u017esirakinimas<\/li>\n<li>LED klaviat\u016bros ap\u0161vietimas<\/li>\n<li>Patogi ir i\u0161mani vartotoj\u0173 kontrol\u0117, ataskaitos<\/li>\n<li>Veikia \u201cAndroid\u201d ir \u201ciOS\u201d sistemose<\/li>\n<\/ul>\n","protected":false},"featured_media":2733,"comment_status":"open","ping_status":"closed","template":"","meta":[],"product_brand":[],"product_cat":[275],"product_tag":[401,402,278,403],"class_list":{"0":"post-2732","1":"product","2":"type-product","3":"status-publish","4":"has-post-thumbnail","6":"product_cat-ismanios-spynos","7":"product_tag-c11b","8":"product_tag-elektroninis-universalus-cilindras","9":"product_tag-ttlock","10":"product_tag-ttlock-bluetooth","12":"first","13":"instock","14":"shipping-taxable","15":"purchasable","16":"product-type-simple"},"jetpack_sharing_enabled":true,"_links":{"self":[{"href":"https:\/\/apsaugos.lt\/index.php?rest_route=\/wp\/v2\/product\/2732","targetHints":{"allow":["GET"]}}],"collection":[{"href":"https:\/\/apsaugos.lt\/index.php?rest_route=\/wp\/v2\/product"}],"about":[{"href":"https:\/\/apsaugos.lt\/index.php?rest_route=\/wp\/v2\/types\/product"}],"replies":[{"embeddable":true,"href":"https:\/\/apsaugos.lt\/index.php?rest_route=%2Fwp%2Fv2%2Fcomments&post=2732"}],"wp:featuredmedia":[{"embeddable":true,"href":"https:\/\/apsaugos.lt\/index.php?rest_route=\/wp\/v2\/media\/2733"}],"wp:attachment":[{"href":"https:\/\/apsaugos.lt\/index.php?rest_route=%2Fwp%2Fv2%2Fmedia&parent=2732"}],"wp:term":[{"taxonomy":"product_brand","embeddable":true,"href":"https:\/\/apsaugos.lt\/index.php?rest_route=%2Fwp%2Fv2%2Fproduct_brand&post=2732"},{"taxonomy":"product_cat","embeddable":true,"href":"https:\/\/apsaugos.lt\/index.php?rest_route=%2Fwp%2Fv2%2Fproduct_cat&post=2732"},{"taxonomy":"product_tag","embeddable":true,"href":"https:\/\/apsaugos.lt\/index.php?rest_route=%2Fwp%2Fv2%2Fproduct_tag&post=2732"}],"curies":[{"name":"wp","href":"https:\/\/api.w.org\/{rel}","templated":true}]}}