{"id":2755,"date":"2021-03-01T13:14:50","date_gmt":"2021-03-01T11:14:50","guid":{"rendered":"http:\/\/apsaugos.lt\/?post_type=product&#038;p=2755"},"modified":"2021-03-01T13:14:50","modified_gmt":"2021-03-01T11:14:50","slug":"airbnb-viesbucio-spyna-h31a","status":"publish","type":"product","link":"https:\/\/apsaugos.lt\/?product=airbnb-viesbucio-spyna-h31a","title":{"rendered":"Airbnb vie\u0161bu\u010dio spyna H31A"},"content":{"rendered":"<p>Atidarymo b\u016bdai :\u00a0 BLE \/ WiFi APP , slapta\u017eodis , kortel\u0117 , mechaninis raktas ( avariniam atidarymui )<br \/>\nIdentifikavimo laikas :\u00a0 &lt;0.1S<br \/>\nMed\u017eiaga :\u00a0 \u00a0cinko lydinys ir ner\u016bdijantis plienas<br \/>\nSpalva : juoda ( u\u017esakomas variantas :\u00a0 sidabrin\u0117 )<br \/>\nRekomenduojama montavimo vieta :\u00a0 Gyvenamasis namas , Butas, Biuras, Airbnb<br \/>\nI\u0161matavimai :\u00a0 170mm * 70mm * 19mm<br \/>\nDur\u0173 storis :\u00a0 30mm-80mm<br \/>\nDarbin\u0117 temperat\u016bra :\u00a0 -20\u00baC ~ 70\u00baC<br \/>\nDarbin\u0117 dr\u0117gm\u0117 : 10 ~ 95%<br \/>\nDarbin\u0117 \u012ftampa :\u00a0 6V (8 * AAA baterijos)<br \/>\nBaterijos veikimo laikas :\u00a0 palaiko 10 000 kart\u0173 u\u017erakinimo ir atrakinimo operacij\u0173<br \/>\n\u201eAPP\u201c sistema \u201eAndroid\u201c, \u201eiOS\u201c<br \/>\nDuomen\u0173 talpa neribota<br \/>\nKalba :\u00a0 angl\u0173, kin\u0173, ispan\u0173, portugal\u0173, rus\u0173, pranc\u016bz\u0173<\/p>\n","protected":false},"excerpt":{"rendered":"<p><strong>Pagrindiniai bruo\u017eai<\/strong><\/p>\n<ol>\n<li>6 atrakinimo b\u016bdai: \u201eWiFi APP\u201c prieiga, \u201eBluetooth APP\u201c prieiga, pir\u0161t\u0173 atspaud\u0173 atrakinimas, korteli\u0173 atrakinimas, PIN kodo atrakinimas, mechaninis rakt\u0173 atrakinimas;<\/li>\n<li>Patogi aplikacijos valdymo sistema, galite valdyti savo i\u0161mani\u0105j\u0105 spyn\u0105, i\u0161 bet kur ir bet kurioje vietoje;<\/li>\n<li>Spynoje naudojamos naujausios technologijos, automatinis atrakinimas ir u\u017erakinimas;<\/li>\n<li>Kompakti\u0161kas dydis tinka visoms medin\u0117ms ir metalin\u0117ms durims;<\/li>\n<li>FPC pir\u0161t\u0173 atspaud\u0173 skaitytuvas suteikia Jums geriausi\u0105 saugumo patirt\u012f;<\/li>\n<li>Avarinio atidarymo galimyb\u0117 i\u0161sekus baterijoms;<\/li>\n<\/ol>\n<p><strong>Patogus aplikacijos valdymas<\/strong><\/p>\n<ol>\n<li>Spynos u\u017erakinimas\/atrakinimas i\u0161 bet kurios vietos, nauojant mobilius duomenis;<\/li>\n<li>Galite valdyti didel\u012f kiek\u012f i\u0161mani\u0173 spyn\u0173 viename telefone;<\/li>\n<li>Laiko apriboti slapta\u017eod\u017eiai, kurie tiks bet kuriam atvejui;<\/li>\n<li>Keli\u0173 lygiu administravimo nustatymai, kurie palengvins spyn\u0173 prie\u017ei\u016br\u0105;<\/li>\n<li>Spynos \u012fvykiai, bet kur ir bet kada, kad \u017einotum\u0117te, kas vyksta J\u016bs\u0173 pri\u017ei\u016brimose patalpose;<\/li>\n<li>Prid\u0117kite arba i\u0161trinkite pir\u0161t\u0173 atspaudus, korteles, kodus, bei el. raktus per aplikacij\u0105;<\/li>\n<li>Aplikacija pastoviai atnaujinama, kad suteikt\u0173 skland\u0173 spyn\u0173 pri\u017ei\u016br\u0117jim\u0105, valdym\u0105;<\/li>\n<\/ol>\n","protected":false},"featured_media":2756,"comment_status":"open","ping_status":"closed","template":"","meta":[],"product_brand":[],"product_cat":[275],"product_tag":[407,408,406,390],"class_list":{"0":"post-2755","1":"product","2":"type-product","3":"status-publish","4":"has-post-thumbnail","6":"product_cat-ismanios-spynos","7":"product_tag-airbnb","8":"product_tag-airbnb-viesbucio-spyna-h31a","9":"product_tag-h31a","10":"product_tag-viesbucio-spyna","12":"first","13":"instock","14":"shipping-taxable","15":"purchasable","16":"product-type-simple"},"jetpack_sharing_enabled":true,"_links":{"self":[{"href":"https:\/\/apsaugos.lt\/index.php?rest_route=\/wp\/v2\/product\/2755","targetHints":{"allow":["GET"]}}],"collection":[{"href":"https:\/\/apsaugos.lt\/index.php?rest_route=\/wp\/v2\/product"}],"about":[{"href":"https:\/\/apsaugos.lt\/index.php?rest_route=\/wp\/v2\/types\/product"}],"replies":[{"embeddable":true,"href":"https:\/\/apsaugos.lt\/index.php?rest_route=%2Fwp%2Fv2%2Fcomments&post=2755"}],"wp:featuredmedia":[{"embeddable":true,"href":"https:\/\/apsaugos.lt\/index.php?rest_route=\/wp\/v2\/media\/2756"}],"wp:attachment":[{"href":"https:\/\/apsaugos.lt\/index.php?rest_route=%2Fwp%2Fv2%2Fmedia&parent=2755"}],"wp:term":[{"taxonomy":"product_brand","embeddable":true,"href":"https:\/\/apsaugos.lt\/index.php?rest_route=%2Fwp%2Fv2%2Fproduct_brand&post=2755"},{"taxonomy":"product_cat","embeddable":true,"href":"https:\/\/apsaugos.lt\/index.php?rest_route=%2Fwp%2Fv2%2Fproduct_cat&post=2755"},{"taxonomy":"product_tag","embeddable":true,"href":"https:\/\/apsaugos.lt\/index.php?rest_route=%2Fwp%2Fv2%2Fproduct_tag&post=2755"}],"curies":[{"name":"wp","href":"https:\/\/api.w.org\/{rel}","templated":true}]}}