{"id":2763,"date":"2021-03-08T08:24:27","date_gmt":"2021-03-08T06:24:27","guid":{"rendered":"http:\/\/apsaugos.lt\/?post_type=product&#038;p=2763"},"modified":"2021-03-08T08:24:46","modified_gmt":"2021-03-08T06:24:46","slug":"zkteco-scr100","status":"publish","type":"product","link":"https:\/\/apsaugos.lt\/?product=zkteco-scr100","title":{"rendered":"Zkteco SCR100"},"content":{"rendered":"<p>Korteli\u0173 talpa :\u00a0 30.000<br \/>\n\u012evyki\u0173 atmintis:\u00a0 50 000<br \/>\nPlatforma :\u00a0 ZEM500<br \/>\nCPU : 32 bit\u0173 ZK6001 mikroprocesorius 400MHz<br \/>\nAtmintis : 4M RAM, 32M Flash<br \/>\nKorteli\u0173 tipas : EM ( MIfare pagal u\u017esakym\u0105 )<br \/>\nRel\u0117s kontaktai :\u00a0 U\u017erakto valdymas, Signalizacija<br \/>\nLED indikatorius \u017ealias \/ raudonas<br \/>\nDarbin\u0117 Temperat\u016bra : 0 \u00b0 -45 \u00b0 C<br \/>\nDarbin\u0117 Dr\u0117gm\u0117 : 20% -80%<br \/>\nMaitinimas : 12V, DC 3A<br \/>\nS\u0105saja : Kom. \u201eEthernet\u201c prievadas, RS232 \/ 485<br \/>\nUSB jungtis : TAIP<br \/>\n\u201eWiegand\u201c\u00a0 palaikymas : \u012f\u0117jimas ir i\u0161\u0117jimas<br \/>\nEM kortel\u0117s identifikavimo laikas : &lt;= 1 sek<br \/>\nMatmenys 153&#215;95,5&#215;35,5mm (ilgis x plotis x gylis)<br \/>\nSvoris 0,7 kg<br \/>\nO.S Linux<br \/>\nProgramos AC (grup\u0117s ir TZ)<\/p>\n","protected":false},"excerpt":{"rendered":"<p>\u0160iuolaiki\u0161kas ir eleganti\u0161kas dizainas be klaviat\u016bros ir ekrano. \u0160is puikus sprendimas ma\u017eoms ir vidutin\u0117ms \u012fmon\u0117ms norin\u010dioms tur\u0117ti darbo laiko apskait\u0105. Jis gali prisijungti prie prieigos valdymo valdymo programin\u0117s \u012frangos per Ethernet arba RS232 \/ 485 prievad\u0105, taip pat veikti atskiru re\u017eimu, atsisi\u0173sdamas duomenis per USB laikmen\u0105. Terminalas palaiko laiko zonas ir grupes, atostog\u0173 valdym\u0105, anti-passback funkcijas ir rel\u0119 galima prijungti prie u\u017erakto arba i\u0161orin\u0117s sirenos. Terminalas palaiko i\u0161orin\u012f Wiegant skaitytuv\u0105, kas leid\u017eia abipus\u0119 darbo laiko apskait\u0105.<\/p>\n","protected":false},"featured_media":2764,"comment_status":"open","ping_status":"closed","template":"","meta":[],"product_brand":[],"product_cat":[218],"product_tag":[75,26,409,22,410],"class_list":{"0":"post-2763","1":"product","2":"type-product","3":"status-publish","4":"has-post-thumbnail","6":"product_cat-darbo-laiko-apskaita","7":"product_tag-darbo-laiko-apskaita","8":"product_tag-praejimo-kontrole","9":"product_tag-scr100","10":"product_tag-zkteco","11":"product_tag-zkteco-scr100","13":"first","14":"instock","15":"shipping-taxable","16":"purchasable","17":"product-type-simple"},"jetpack_sharing_enabled":true,"_links":{"self":[{"href":"https:\/\/apsaugos.lt\/index.php?rest_route=\/wp\/v2\/product\/2763","targetHints":{"allow":["GET"]}}],"collection":[{"href":"https:\/\/apsaugos.lt\/index.php?rest_route=\/wp\/v2\/product"}],"about":[{"href":"https:\/\/apsaugos.lt\/index.php?rest_route=\/wp\/v2\/types\/product"}],"replies":[{"embeddable":true,"href":"https:\/\/apsaugos.lt\/index.php?rest_route=%2Fwp%2Fv2%2Fcomments&post=2763"}],"wp:featuredmedia":[{"embeddable":true,"href":"https:\/\/apsaugos.lt\/index.php?rest_route=\/wp\/v2\/media\/2764"}],"wp:attachment":[{"href":"https:\/\/apsaugos.lt\/index.php?rest_route=%2Fwp%2Fv2%2Fmedia&parent=2763"}],"wp:term":[{"taxonomy":"product_brand","embeddable":true,"href":"https:\/\/apsaugos.lt\/index.php?rest_route=%2Fwp%2Fv2%2Fproduct_brand&post=2763"},{"taxonomy":"product_cat","embeddable":true,"href":"https:\/\/apsaugos.lt\/index.php?rest_route=%2Fwp%2Fv2%2Fproduct_cat&post=2763"},{"taxonomy":"product_tag","embeddable":true,"href":"https:\/\/apsaugos.lt\/index.php?rest_route=%2Fwp%2Fv2%2Fproduct_tag&post=2763"}],"curies":[{"name":"wp","href":"https:\/\/api.w.org\/{rel}","templated":true}]}}