{"id":2765,"date":"2021-03-08T08:27:20","date_gmt":"2021-03-08T06:27:20","guid":{"rendered":"http:\/\/apsaugos.lt\/?post_type=product&#038;p=2765"},"modified":"2021-03-08T08:27:20","modified_gmt":"2021-03-08T06:27:20","slug":"zkteco-prorf-t","status":"publish","type":"product","link":"https:\/\/apsaugos.lt\/?product=zkteco-prorf-t","title":{"rendered":"Zkteco ProRF-T"},"content":{"rendered":"","protected":false},"excerpt":{"rendered":"<p>\u201eProRF-T\u201c yra RFID prieigos valdymo terminalas su integruot\u0173\u00a0 2,4 coli\u0173 TFT LCD ekran\u0173 . Spalvotas ekranas ir nauja programin\u0117s aparatin\u0117s \u012frangos strukt\u016bra si\u016blo patog\u0173 meniu, kur\u012f lengva valdyti, taip pat fotografavimo galimybes. Naujosios aparatin\u0117s \u012frangos platformos \u201eZMM 220\u201c pagrindas greitas 1,2 GHz procesorius , jis labai pagerina patikrinim\u0105. Jutiklin\u0117 klaviat\u016bra leid\u017eia lengvai ir patogiai atlikti veiksmus administravim\u0105 , arba patekim\u0105 \u012f patalpas.<\/p>\n","protected":false},"featured_media":2766,"comment_status":"open","ping_status":"closed","template":"","meta":[],"product_brand":[],"product_cat":[218],"product_tag":[75,411,22,412],"class_list":{"0":"post-2765","1":"product","2":"type-product","3":"status-publish","4":"has-post-thumbnail","6":"product_cat-darbo-laiko-apskaita","7":"product_tag-darbo-laiko-apskaita","8":"product_tag-prorf-t","9":"product_tag-zkteco","10":"product_tag-zkteco-prorf-t","12":"first","13":"instock","14":"shipping-taxable","15":"purchasable","16":"product-type-simple"},"jetpack_sharing_enabled":true,"_links":{"self":[{"href":"https:\/\/apsaugos.lt\/index.php?rest_route=\/wp\/v2\/product\/2765","targetHints":{"allow":["GET"]}}],"collection":[{"href":"https:\/\/apsaugos.lt\/index.php?rest_route=\/wp\/v2\/product"}],"about":[{"href":"https:\/\/apsaugos.lt\/index.php?rest_route=\/wp\/v2\/types\/product"}],"replies":[{"embeddable":true,"href":"https:\/\/apsaugos.lt\/index.php?rest_route=%2Fwp%2Fv2%2Fcomments&post=2765"}],"wp:featuredmedia":[{"embeddable":true,"href":"https:\/\/apsaugos.lt\/index.php?rest_route=\/wp\/v2\/media\/2766"}],"wp:attachment":[{"href":"https:\/\/apsaugos.lt\/index.php?rest_route=%2Fwp%2Fv2%2Fmedia&parent=2765"}],"wp:term":[{"taxonomy":"product_brand","embeddable":true,"href":"https:\/\/apsaugos.lt\/index.php?rest_route=%2Fwp%2Fv2%2Fproduct_brand&post=2765"},{"taxonomy":"product_cat","embeddable":true,"href":"https:\/\/apsaugos.lt\/index.php?rest_route=%2Fwp%2Fv2%2Fproduct_cat&post=2765"},{"taxonomy":"product_tag","embeddable":true,"href":"https:\/\/apsaugos.lt\/index.php?rest_route=%2Fwp%2Fv2%2Fproduct_tag&post=2765"}],"curies":[{"name":"wp","href":"https:\/\/api.w.org\/{rel}","templated":true}]}}