{"id":2767,"date":"2021-03-08T08:29:24","date_gmt":"2021-03-08T06:29:24","guid":{"rendered":"http:\/\/apsaugos.lt\/?post_type=product&#038;p=2767"},"modified":"2021-03-08T08:29:24","modified_gmt":"2021-03-08T06:29:24","slug":"sklende-yli-electronic-ys-130nc-500kg","status":"publish","type":"product","link":"https:\/\/apsaugos.lt\/?product=sklende-yli-electronic-ys-130nc-500kg","title":{"rendered":"Sklend\u0117 YLI ELECTRONIC YS-130NC 500kg"},"content":{"rendered":"<p>Maitinimo \u012ftampa : 12 V DC<\/p>\n<p>Srov\u0117 : 180mA<\/p>\n<p>Gabaritai : 150&#215;39.5x34mm<\/p>\n<p>Montavimo tipas : \u012fleid\u017eiamas<\/p>\n<p>Laikan\u010dioji j\u0117ga : 500 Kg<\/p>\n","protected":false},"excerpt":{"rendered":"<p>Sklend\u0117 YLI ELECTRONIC YS-130NC pastoviai po \u012ftampa. Skirta montavimui lauko varteli\u0173, lauko dur\u0173 ar kitose patalpose. \u017diema neu\u017e\u0161\u0105la .<\/p>\n","protected":false},"featured_media":2768,"comment_status":"open","ping_status":"closed","template":"","meta":[],"product_brand":[],"product_cat":[139],"product_tag":[414,415,413],"class_list":{"0":"post-2767","1":"product","2":"type-product","3":"status-publish","4":"has-post-thumbnail","6":"product_cat-sklendes","7":"product_tag-yli-electronic","8":"product_tag-yli-electronic-ys-130nc","9":"product_tag-ys-130nc","11":"first","12":"instock","13":"shipping-taxable","14":"purchasable","15":"product-type-simple"},"jetpack_sharing_enabled":true,"_links":{"self":[{"href":"https:\/\/apsaugos.lt\/index.php?rest_route=\/wp\/v2\/product\/2767","targetHints":{"allow":["GET"]}}],"collection":[{"href":"https:\/\/apsaugos.lt\/index.php?rest_route=\/wp\/v2\/product"}],"about":[{"href":"https:\/\/apsaugos.lt\/index.php?rest_route=\/wp\/v2\/types\/product"}],"replies":[{"embeddable":true,"href":"https:\/\/apsaugos.lt\/index.php?rest_route=%2Fwp%2Fv2%2Fcomments&post=2767"}],"wp:featuredmedia":[{"embeddable":true,"href":"https:\/\/apsaugos.lt\/index.php?rest_route=\/wp\/v2\/media\/2768"}],"wp:attachment":[{"href":"https:\/\/apsaugos.lt\/index.php?rest_route=%2Fwp%2Fv2%2Fmedia&parent=2767"}],"wp:term":[{"taxonomy":"product_brand","embeddable":true,"href":"https:\/\/apsaugos.lt\/index.php?rest_route=%2Fwp%2Fv2%2Fproduct_brand&post=2767"},{"taxonomy":"product_cat","embeddable":true,"href":"https:\/\/apsaugos.lt\/index.php?rest_route=%2Fwp%2Fv2%2Fproduct_cat&post=2767"},{"taxonomy":"product_tag","embeddable":true,"href":"https:\/\/apsaugos.lt\/index.php?rest_route=%2Fwp%2Fv2%2Fproduct_tag&post=2767"}],"curies":[{"name":"wp","href":"https:\/\/api.w.org\/{rel}","templated":true}]}}