{"id":2772,"date":"2021-03-08T08:34:18","date_gmt":"2021-03-08T06:34:18","guid":{"rendered":"http:\/\/apsaugos.lt\/?post_type=product&#038;p=2772"},"modified":"2026-03-27T11:38:30","modified_gmt":"2026-03-27T09:38:30","slug":"ismanioji-wifi-spyna-h15b","status":"publish","type":"product","link":"https:\/\/apsaugos.lt\/?product=ismanioji-wifi-spyna-h15b","title":{"rendered":"I\u0161manioji WiFi spyna  H15B"},"content":{"rendered":"<p>Modelis : H15<br \/>\nAtidarymo b\u016bdai | BLE\u00a0 | \u201eWiFi\u201c | pir\u0161t\u0173 atspaudas | kortel\u0117s | PIN kodas | mechaninis raktas<\/p>\n<p>Galimos nuotolinis valdymas : \u201eTTLock\u201c \/ \u201eTuya\u201c \/<br \/>\nKorpuso med\u017eiaga : Aliuminio lydinys<br \/>\nDarbin\u0117 \u012ftampa :\u00a0 6V (4 * AA baterijos)<br \/>\nBaterijos bud\u0117jimo laikas :\u00a0 Normaliame re\u017eime 12 m\u0117nesi\u0173<br \/>\nPir\u0161t\u0173 atspaud\u0173 skaitytuvas :\u00a0 FPC Pir\u0161t\u0173 atspaud\u0173 skaitytuvas<br \/>\nKortel\u0117s tipas : MF1 kortel\u0117 (13,56 MHz)<br \/>\nPakuot\u0117s dydis :\u00a0 32cm * 24cm * 12cm<br \/>\nDur\u0173 storis : 35-75 mm<br \/>\nTinka durims : medin\u0117s durys \/ apsaugin\u0117s durys<br \/>\nU\u017eraktas tipas : 60 \/ 70mm 5072\/5572\/6072\/4585\/5085\/6085<\/p>\n","protected":false},"excerpt":{"rendered":"<p>I\u0161manioji WiFi spyna H15B . Palaiko TTlock programin\u012f palaikym\u0105 . Skirtos ofiso, b\u016bto , nam\u0173 durims. Platus u\u017erakto mechanizmo pasirinkim\u0173 .<\/p>\n","protected":false},"featured_media":2773,"comment_status":"open","ping_status":"closed","template":"","meta":[],"product_brand":[],"product_cat":[275,276],"product_tag":[418,291,419,420],"class_list":{"0":"post-2772","1":"product","2":"type-product","3":"status-publish","4":"has-post-thumbnail","6":"product_cat-ismanios-spynos","7":"product_cat-ismaniosios-spynos","8":"product_tag-h15b","9":"product_tag-ismanioji-spyna","10":"product_tag-ismanioji-wifi-spyna","11":"product_tag-ismanioji-wifi-spyna-h15b","13":"first","14":"instock","15":"shipping-taxable","16":"purchasable","17":"product-type-simple"},"jetpack_sharing_enabled":true,"_links":{"self":[{"href":"https:\/\/apsaugos.lt\/index.php?rest_route=\/wp\/v2\/product\/2772","targetHints":{"allow":["GET"]}}],"collection":[{"href":"https:\/\/apsaugos.lt\/index.php?rest_route=\/wp\/v2\/product"}],"about":[{"href":"https:\/\/apsaugos.lt\/index.php?rest_route=\/wp\/v2\/types\/product"}],"replies":[{"embeddable":true,"href":"https:\/\/apsaugos.lt\/index.php?rest_route=%2Fwp%2Fv2%2Fcomments&post=2772"}],"wp:featuredmedia":[{"embeddable":true,"href":"https:\/\/apsaugos.lt\/index.php?rest_route=\/wp\/v2\/media\/2773"}],"wp:attachment":[{"href":"https:\/\/apsaugos.lt\/index.php?rest_route=%2Fwp%2Fv2%2Fmedia&parent=2772"}],"wp:term":[{"taxonomy":"product_brand","embeddable":true,"href":"https:\/\/apsaugos.lt\/index.php?rest_route=%2Fwp%2Fv2%2Fproduct_brand&post=2772"},{"taxonomy":"product_cat","embeddable":true,"href":"https:\/\/apsaugos.lt\/index.php?rest_route=%2Fwp%2Fv2%2Fproduct_cat&post=2772"},{"taxonomy":"product_tag","embeddable":true,"href":"https:\/\/apsaugos.lt\/index.php?rest_route=%2Fwp%2Fv2%2Fproduct_tag&post=2772"}],"curies":[{"name":"wp","href":"https:\/\/api.w.org\/{rel}","templated":true}]}}