{"id":2775,"date":"2021-03-08T08:39:13","date_gmt":"2021-03-08T06:39:13","guid":{"rendered":"http:\/\/apsaugos.lt\/?post_type=product&#038;p=2775"},"modified":"2025-03-14T18:55:04","modified_gmt":"2025-03-14T16:55:04","slug":"ismanioji-spyna-lauko-durims-h35b-ttlock","status":"publish","type":"product","link":"https:\/\/apsaugos.lt\/?product=ismanioji-spyna-lauko-durims-h35b-ttlock","title":{"rendered":"I\u0161manioji spyna lauko durims H35B TTLOCK"},"content":{"rendered":"<p>Atrakinti b\u016bdai\u00a0 : \u201eBLE\u201c\u00a0 | \u201eWiFi\u201c |pir\u0161t\u0173 atspaudas | kodas |kortel\u0117 | mechaninis raktas|<br \/>\nPir\u0161t\u0173 atspaud\u0173 skaitytuvas | FPC pir\u0161t\u0173 atspaud\u0173 skaitytuvas<br \/>\nKortel\u0117s tipas : MF1 kortel\u0117 (13,56 MHz)<br \/>\nIdentifikavimo laikas :&lt;0.1S<br \/>\nKorpusas :\u00a0Cinko lydinio<br \/>\nI\u0161matavimai : 270mm * 70mm * 20mm<br \/>\nDur\u0173 storis : 30mm ~ 75mm<br \/>\nDarbin\u0117 temperat\u016bra : -20 \u2103 ~ 70 \u2103<br \/>\nDarbin\u0117 dr\u0117gm\u0117 : 10% ~ 95%<br \/>\n\u012etampa : 6 V (4x AA baterijos)<br \/>\n\u012esp\u0117jimas apie \u012ftampos kritim\u0105\u00a0 : \u017demiau 4,8 V<br \/>\nBaterijos trukm\u0117 : \u00a010 000 atidarymo \/ u\u017edarymo cikl\u0173<br \/>\nAtmintis :\u00a0 200 vnt. Pir\u0161t\u0173 atspaudai + 200 vnt. Kortel\u0117 + 150<\/p>\n","protected":false},"excerpt":{"rendered":"<p>I\u0161manioji spyna lauko durims H35B TTLOCK . Palaiko Google Home , amazon alexa . Paprastas montavimas, greitas programavimas.<\/p>\n","protected":false},"featured_media":2776,"comment_status":"open","ping_status":"closed","template":"","meta":[],"product_brand":[],"product_cat":[275,276],"product_tag":[423,422,421,291,278],"class_list":{"0":"post-2775","1":"product","2":"type-product","3":"status-publish","4":"has-post-thumbnail","6":"product_cat-ismanios-spynos","7":"product_cat-ismaniosios-spynos","8":"product_tag-amazon-alexa","9":"product_tag-google-home","10":"product_tag-h35b","11":"product_tag-ismanioji-spyna","12":"product_tag-ttlock","14":"first","15":"instock","16":"shipping-taxable","17":"purchasable","18":"product-type-simple"},"jetpack_sharing_enabled":true,"_links":{"self":[{"href":"https:\/\/apsaugos.lt\/index.php?rest_route=\/wp\/v2\/product\/2775","targetHints":{"allow":["GET"]}}],"collection":[{"href":"https:\/\/apsaugos.lt\/index.php?rest_route=\/wp\/v2\/product"}],"about":[{"href":"https:\/\/apsaugos.lt\/index.php?rest_route=\/wp\/v2\/types\/product"}],"replies":[{"embeddable":true,"href":"https:\/\/apsaugos.lt\/index.php?rest_route=%2Fwp%2Fv2%2Fcomments&post=2775"}],"wp:featuredmedia":[{"embeddable":true,"href":"https:\/\/apsaugos.lt\/index.php?rest_route=\/wp\/v2\/media\/2776"}],"wp:attachment":[{"href":"https:\/\/apsaugos.lt\/index.php?rest_route=%2Fwp%2Fv2%2Fmedia&parent=2775"}],"wp:term":[{"taxonomy":"product_brand","embeddable":true,"href":"https:\/\/apsaugos.lt\/index.php?rest_route=%2Fwp%2Fv2%2Fproduct_brand&post=2775"},{"taxonomy":"product_cat","embeddable":true,"href":"https:\/\/apsaugos.lt\/index.php?rest_route=%2Fwp%2Fv2%2Fproduct_cat&post=2775"},{"taxonomy":"product_tag","embeddable":true,"href":"https:\/\/apsaugos.lt\/index.php?rest_route=%2Fwp%2Fv2%2Fproduct_tag&post=2775"}],"curies":[{"name":"wp","href":"https:\/\/api.w.org\/{rel}","templated":true}]}}