{"id":2778,"date":"2021-03-08T12:39:34","date_gmt":"2021-03-08T10:39:34","guid":{"rendered":"http:\/\/apsaugos.lt\/?post_type=product&#038;p=2778"},"modified":"2021-03-08T12:39:35","modified_gmt":"2021-03-08T10:39:35","slug":"ismanioji-biometrine-spyna-h10b-t-tuya","status":"publish","type":"product","link":"https:\/\/apsaugos.lt\/?product=ismanioji-biometrine-spyna-h10b-t-tuya","title":{"rendered":"I\u0161manioji biometrin\u0117 spyna H10B-T Tuya"},"content":{"rendered":"<p>Atrakinimo b\u016bdai :\u00a0 \u201eTuya App\u201c \/ pir\u0161t\u0173 atspaudas \/ slapta\u017eodis \/\u00a0 kortel\u0117 \/ mechaninis raktas<br \/>\nPir\u0161t\u0173 atspaud\u0173 skaitytuvas : FPC pir\u0161t\u0173 atspaud\u0173 skaitytuvas<br \/>\nKortel\u0117s tipas : MF1 kortel\u0117 (13,56 MHz)<br \/>\nIdentifikavimo laikas : &lt;0.1S<br \/>\nPagaminta med\u017eiaga : Cinko lydinis<br \/>\nGalimos spalvos : Juoda, sidabrin\u0117<br \/>\nTaikymo vietos : Gyvenamasis, butas, namas, biuras, \u201eAirbnb\u201c<br \/>\nDur\u0173 storis : 30mm ~ 75mm<br \/>\nDarbin\u0117 temperat\u016bra : -20 \u00b0 C ~ 70 \u00b0 C<br \/>\nDarbin\u0117 dr\u0117gm\u0117 : 10% ~ 95%<br \/>\n\u012etampa : 6 V (8x AAA baterijos)<br \/>\n\u012esp\u0117jimas apie \u017eem\u0105 \u012ftamp\u0105 : \u012etampa \u017eemesn\u0117s negu\u00a0 4,8 V<br \/>\nBaterijos atidarymo u\u017edarymo ciklai : 10000<\/p>\n","protected":false},"excerpt":{"rendered":"<p>5 atrakinimo b\u016bdai: \u201eTuya\u201c programa, atrakinimas pir\u0161tu, kortel\u0117s atrakinimas, PIN kodo atrakinimas, mechaninio rakto atrakinimas;<\/p>\n<p>Patogi valdymo sistema su OLED ekranu;<\/p>\n<p>Kompakti\u0161kas dydis tinka visoms medin\u0117ms durims ir metalin\u0117ms durims;<\/p>\n<p>FPC pir\u0161t\u0173 atspaud\u0173 skaitytuvas suteikia jums geriausi\u0105 saug\u0105<\/p>\n<p>Avarinis baterijos krovimas ( rezervinis maitinimo pajungimas )<\/p>\n","protected":false},"featured_media":2779,"comment_status":"open","ping_status":"closed","template":"","meta":[],"product_brand":[],"product_cat":[275,276],"product_tag":[425,426,291,277,403,424],"class_list":{"0":"post-2778","1":"product","2":"type-product","3":"status-publish","4":"has-post-thumbnail","6":"product_cat-ismanios-spynos","7":"product_cat-ismaniosios-spynos","8":"product_tag-ismanioji-biometrine-spyna","9":"product_tag-ismanioji-biometrine-spyna-h10b-t","10":"product_tag-ismanioji-spyna","11":"product_tag-smart-ttlock","12":"product_tag-ttlock-bluetooth","13":"product_tag-tuya","15":"first","16":"instock","17":"shipping-taxable","18":"purchasable","19":"product-type-simple"},"jetpack_sharing_enabled":true,"_links":{"self":[{"href":"https:\/\/apsaugos.lt\/index.php?rest_route=\/wp\/v2\/product\/2778","targetHints":{"allow":["GET"]}}],"collection":[{"href":"https:\/\/apsaugos.lt\/index.php?rest_route=\/wp\/v2\/product"}],"about":[{"href":"https:\/\/apsaugos.lt\/index.php?rest_route=\/wp\/v2\/types\/product"}],"replies":[{"embeddable":true,"href":"https:\/\/apsaugos.lt\/index.php?rest_route=%2Fwp%2Fv2%2Fcomments&post=2778"}],"wp:featuredmedia":[{"embeddable":true,"href":"https:\/\/apsaugos.lt\/index.php?rest_route=\/wp\/v2\/media\/2779"}],"wp:attachment":[{"href":"https:\/\/apsaugos.lt\/index.php?rest_route=%2Fwp%2Fv2%2Fmedia&parent=2778"}],"wp:term":[{"taxonomy":"product_brand","embeddable":true,"href":"https:\/\/apsaugos.lt\/index.php?rest_route=%2Fwp%2Fv2%2Fproduct_brand&post=2778"},{"taxonomy":"product_cat","embeddable":true,"href":"https:\/\/apsaugos.lt\/index.php?rest_route=%2Fwp%2Fv2%2Fproduct_cat&post=2778"},{"taxonomy":"product_tag","embeddable":true,"href":"https:\/\/apsaugos.lt\/index.php?rest_route=%2Fwp%2Fv2%2Fproduct_tag&post=2778"}],"curies":[{"name":"wp","href":"https:\/\/api.w.org\/{rel}","templated":true}]}}