{"id":2783,"date":"2021-03-08T14:28:58","date_gmt":"2021-03-08T12:28:58","guid":{"rendered":"http:\/\/apsaugos.lt\/?post_type=product&#038;p=2783"},"modified":"2021-03-08T14:28:58","modified_gmt":"2021-03-08T12:28:58","slug":"kodine-klaviatura-k1201","status":"publish","type":"product","link":"https:\/\/apsaugos.lt\/?product=kodine-klaviatura-k1201","title":{"rendered":"Kodin\u0117 klaviat\u016bra K1201"},"content":{"rendered":"<p>Vartotojo atmintis : 2000<br \/>\nKortel\u0117s tipas: RFID 125 kHz<br \/>\n\u201eWiegand\u201c \u012fvestis: \u201eWiegand\u201c 26 bit\u0173<br \/>\n\u201eWiegand\u201c i\u0161vestis: \u201eWiegand\u201c 26\/34 bit\u0173<br \/>\nKorpusas: Plastikas<br \/>\nKlaviat\u016bra: Plastikin\u0117<br \/>\nAplinkos dr\u0117gnumas: 10% \uff5e 90%<br \/>\nSpynos did\u017eiausia srov\u0117: \u22643A<br \/>\nDarbin\u0117 \u012ftampa : DC12V-24V<br \/>\nI\u0161\u0117jimo trumpojo jungimo apsaugos laikas: \u2264100\u03bcS<br \/>\nKortel\u0117s skaitymo atstumas: 1 ~ 3 cm<br \/>\nAplinkos temperat\u016bra: 0 \u2103 ~ 60 \u2103<br \/>\nDur\u0173 atidarymo laikas: 0 ~ 99 s (reguliuojamas)<br \/>\nMatmenys: 115 * 75 * 18 mm<\/p>\n","protected":false},"excerpt":{"rendered":"<p>Kodin\u0117 klaviat\u016bra K1201 , skirta ofis\u0173 , gyvenam\u0173j\u0173 patalp\u0173 pra\u0117jimo kontrolei . Palaiko i\u0161orin\u012f papildom\u0105 skaitytuv\u0105, bei dur\u0173 skambut\u012f .<\/p>\n","protected":false},"featured_media":2784,"comment_status":"open","ping_status":"closed","template":"","meta":[],"product_brand":[],"product_cat":[28],"product_tag":[431,430,432],"class_list":{"0":"post-2783","1":"product","2":"type-product","3":"status-publish","4":"has-post-thumbnail","6":"product_cat-kodines-klaviaturos","7":"product_tag-k1201","8":"product_tag-kodine-klaviatura","9":"product_tag-kodine-klaviatura-k1201","11":"first","12":"instock","13":"shipping-taxable","14":"purchasable","15":"product-type-simple"},"jetpack_sharing_enabled":true,"_links":{"self":[{"href":"https:\/\/apsaugos.lt\/index.php?rest_route=\/wp\/v2\/product\/2783","targetHints":{"allow":["GET"]}}],"collection":[{"href":"https:\/\/apsaugos.lt\/index.php?rest_route=\/wp\/v2\/product"}],"about":[{"href":"https:\/\/apsaugos.lt\/index.php?rest_route=\/wp\/v2\/types\/product"}],"replies":[{"embeddable":true,"href":"https:\/\/apsaugos.lt\/index.php?rest_route=%2Fwp%2Fv2%2Fcomments&post=2783"}],"wp:featuredmedia":[{"embeddable":true,"href":"https:\/\/apsaugos.lt\/index.php?rest_route=\/wp\/v2\/media\/2784"}],"wp:attachment":[{"href":"https:\/\/apsaugos.lt\/index.php?rest_route=%2Fwp%2Fv2%2Fmedia&parent=2783"}],"wp:term":[{"taxonomy":"product_brand","embeddable":true,"href":"https:\/\/apsaugos.lt\/index.php?rest_route=%2Fwp%2Fv2%2Fproduct_brand&post=2783"},{"taxonomy":"product_cat","embeddable":true,"href":"https:\/\/apsaugos.lt\/index.php?rest_route=%2Fwp%2Fv2%2Fproduct_cat&post=2783"},{"taxonomy":"product_tag","embeddable":true,"href":"https:\/\/apsaugos.lt\/index.php?rest_route=%2Fwp%2Fv2%2Fproduct_tag&post=2783"}],"curies":[{"name":"wp","href":"https:\/\/api.w.org\/{rel}","templated":true}]}}