{"id":2785,"date":"2021-03-08T14:37:23","date_gmt":"2021-03-08T12:37:23","guid":{"rendered":"http:\/\/apsaugos.lt\/?post_type=product&#038;p=2785"},"modified":"2021-03-08T14:37:23","modified_gmt":"2021-03-08T12:37:23","slug":"maitinimo-saltinis-praejimo-kontroles-sistemai-12v-5-a-su-ups","status":"publish","type":"product","link":"https:\/\/apsaugos.lt\/?product=maitinimo-saltinis-praejimo-kontroles-sistemai-12v-5-a-su-ups","title":{"rendered":"Maitinimo \u0161altinis pra\u0117jimo kontrol\u0117s sistemai 12V 5 A su UPS"},"content":{"rendered":"<p>I\u0161matavimai :\u00a0 130 x 72 x 40 mm (ilgis x plotis x auk\u0161tis)<\/p>\n<p>\u012e\u0117jimo \u012ftampa: 110 ~ 260v<\/p>\n<p>Da\u017enis: 50 ~ 60Hz<\/p>\n<p>I\u0161\u0117jimo \u012ftampa: DC 12V ( reguliuojama iki 14 V )<\/p>\n<p>I\u0161\u0117jimo srov\u0117: 5A<\/p>\n<p>Rezervin\u0117 baterija iki\u00a0 : 7 Ah<\/p>\n<p>I\u0161\u0117jimo \u012ftampos reguliuojamas diapazonas: \u00b1 10% ~ \u00b1 15%<\/p>\n<p>Darbin\u0117 temperat\u016bra: -20 ~ \u00b1 35 laipsni\u0173<\/p>\n<p>Apsauga nuo perkrovos: Taip<\/p>\n","protected":false},"excerpt":{"rendered":"<p>Maitinimo \u0161altinis pra\u0117jimo kontrol\u0117s sistemai 12V 5 A su UPS funkcija. Turi integruot\u0105 laikmat\u012f spynai . Atidarymo mygtuko kontakt\u0105.<\/p>\n","protected":false},"featured_media":2786,"comment_status":"open","ping_status":"closed","template":"","meta":[],"product_brand":[],"product_cat":[157,158],"product_tag":[435,434,433],"class_list":{"0":"post-2785","1":"product","2":"type-product","3":"status-publish","4":"has-post-thumbnail","6":"product_cat-maitinimo-saltiniai","7":"product_cat-maitinimo-saltiniai-apsaugos-sistemos","8":"product_tag-k90a","9":"product_tag-maitinimo-saltinis-praejimo-kontrolei","10":"product_tag-maitinimo-saltinis-ups","12":"first","13":"instock","14":"shipping-taxable","15":"purchasable","16":"product-type-simple"},"jetpack_sharing_enabled":true,"_links":{"self":[{"href":"https:\/\/apsaugos.lt\/index.php?rest_route=\/wp\/v2\/product\/2785","targetHints":{"allow":["GET"]}}],"collection":[{"href":"https:\/\/apsaugos.lt\/index.php?rest_route=\/wp\/v2\/product"}],"about":[{"href":"https:\/\/apsaugos.lt\/index.php?rest_route=\/wp\/v2\/types\/product"}],"replies":[{"embeddable":true,"href":"https:\/\/apsaugos.lt\/index.php?rest_route=%2Fwp%2Fv2%2Fcomments&post=2785"}],"wp:featuredmedia":[{"embeddable":true,"href":"https:\/\/apsaugos.lt\/index.php?rest_route=\/wp\/v2\/media\/2786"}],"wp:attachment":[{"href":"https:\/\/apsaugos.lt\/index.php?rest_route=%2Fwp%2Fv2%2Fmedia&parent=2785"}],"wp:term":[{"taxonomy":"product_brand","embeddable":true,"href":"https:\/\/apsaugos.lt\/index.php?rest_route=%2Fwp%2Fv2%2Fproduct_brand&post=2785"},{"taxonomy":"product_cat","embeddable":true,"href":"https:\/\/apsaugos.lt\/index.php?rest_route=%2Fwp%2Fv2%2Fproduct_cat&post=2785"},{"taxonomy":"product_tag","embeddable":true,"href":"https:\/\/apsaugos.lt\/index.php?rest_route=%2Fwp%2Fv2%2Fproduct_tag&post=2785"}],"curies":[{"name":"wp","href":"https:\/\/api.w.org\/{rel}","templated":true}]}}