{"id":2788,"date":"2021-03-08T14:55:39","date_gmt":"2021-03-08T12:55:39","guid":{"rendered":"http:\/\/apsaugos.lt\/?post_type=product&#038;p=2788"},"modified":"2021-03-08T14:55:39","modified_gmt":"2021-03-08T12:55:39","slug":"praejimo-kontroles-valdiklis-korteliu-skaitytuvas-h4d","status":"publish","type":"product","link":"https:\/\/apsaugos.lt\/?product=praejimo-kontroles-valdiklis-korteliu-skaitytuvas-h4d","title":{"rendered":"Pra\u0117jimo kontrol\u0117s valdiklis \/ korteli\u0173 skaitytuvas H4D"},"content":{"rendered":"<p>Atmintis: 1000 standartini\u0173 vartotoj\u0173<\/p>\n<p>I\u0161matavimai: 117 * 76 * 18mm<\/p>\n<p>Kortel\u0117s da\u017enis : 125 Khz<\/p>\n<p>I\u0161\u0117jimo mygtuko palaikymas : TAIP<\/p>\n<p>Darbin\u0117 \u012ftampa: skirta DC12V<\/p>\n<p>Darbin\u0117 srov\u0117: \u2264100mA<\/p>\n<p>Kortel\u0117s skaitymo atstumas: 1-15 cm ( nuo kortel\u0117s tipo )<\/p>\n<p>Darbin\u0117 temperat\u016bra: -10 ~ 60 C<\/p>\n<p>Darbinis dr\u0117gnumas: nuo 20% iki 80%<\/p>\n<p>Svoris: 115g<\/p>\n","protected":false},"excerpt":{"rendered":"<p>Pra\u0117jimo kontrol\u0117s valdiklis \/ korteli\u0173 skaitytuvas H4D . Skirtas pra\u0117jimo kontrol\u0117s sistemoms , norint patekti \u012f patalpas kortel\u0117s pagalba.<\/p>\n","protected":false},"featured_media":2789,"comment_status":"open","ping_status":"closed","template":"","meta":[],"product_brand":[],"product_cat":[28],"product_tag":[437,436,26],"class_list":{"0":"post-2788","1":"product","2":"type-product","3":"status-publish","4":"has-post-thumbnail","6":"product_cat-kodines-klaviaturos","7":"product_tag-h4d","8":"product_tag-korteliu-skaitytuvas-h4d","9":"product_tag-praejimo-kontrole","11":"first","12":"instock","13":"shipping-taxable","14":"purchasable","15":"product-type-simple"},"jetpack_sharing_enabled":true,"_links":{"self":[{"href":"https:\/\/apsaugos.lt\/index.php?rest_route=\/wp\/v2\/product\/2788","targetHints":{"allow":["GET"]}}],"collection":[{"href":"https:\/\/apsaugos.lt\/index.php?rest_route=\/wp\/v2\/product"}],"about":[{"href":"https:\/\/apsaugos.lt\/index.php?rest_route=\/wp\/v2\/types\/product"}],"replies":[{"embeddable":true,"href":"https:\/\/apsaugos.lt\/index.php?rest_route=%2Fwp%2Fv2%2Fcomments&post=2788"}],"wp:featuredmedia":[{"embeddable":true,"href":"https:\/\/apsaugos.lt\/index.php?rest_route=\/wp\/v2\/media\/2789"}],"wp:attachment":[{"href":"https:\/\/apsaugos.lt\/index.php?rest_route=%2Fwp%2Fv2%2Fmedia&parent=2788"}],"wp:term":[{"taxonomy":"product_brand","embeddable":true,"href":"https:\/\/apsaugos.lt\/index.php?rest_route=%2Fwp%2Fv2%2Fproduct_brand&post=2788"},{"taxonomy":"product_cat","embeddable":true,"href":"https:\/\/apsaugos.lt\/index.php?rest_route=%2Fwp%2Fv2%2Fproduct_cat&post=2788"},{"taxonomy":"product_tag","embeddable":true,"href":"https:\/\/apsaugos.lt\/index.php?rest_route=%2Fwp%2Fv2%2Fproduct_tag&post=2788"}],"curies":[{"name":"wp","href":"https:\/\/api.w.org\/{rel}","templated":true}]}}