{"id":2790,"date":"2021-03-08T15:12:19","date_gmt":"2021-03-08T13:12:19","guid":{"rendered":"http:\/\/apsaugos.lt\/?post_type=product&#038;p=2790"},"modified":"2021-03-08T15:12:19","modified_gmt":"2021-03-08T13:12:19","slug":"kodine-klaviatura-m1","status":"publish","type":"product","link":"https:\/\/apsaugos.lt\/?product=kodine-klaviatura-m1","title":{"rendered":"Kodin\u0117 klaviat\u016bra M1"},"content":{"rendered":"<p>Darbin\u0117 \u012ftampa: DC 12V<\/p>\n<p>Did\u017eiausia spynos srov\u0117: \u22641000mA<\/p>\n<p>Bud\u0117jimo srov\u0117: \u226460mA<\/p>\n<p>Atmintis: 1000 standartini\u0173 vartotoj\u0173<\/p>\n<p>Kortel\u0117s skaitymo atstumas: 0-10 cm ( Nuo kortel\u0117s tipo )<\/p>\n<p>Kortel\u0117s tipas: EM ( 125 Khz )<\/p>\n<p>Darbin\u0117 temperat\u016bra: -10 ~ 70 C<\/p>\n<p>Darbinis dr\u0117gnumas: nuo 10% iki 90%<\/p>\n<p>\u201eWiegand\u201c : \u012fvestis ir i\u0161vestis<\/p>\n<p>Galimyb\u0117 atidaryti duris :\u00a0 (galima pasirinkti administratoriaus vartotoj\u0105): kortel\u0117\u00a0 ir kodas\/ kortel\u0117\u00a0 \/ tik kodas<\/p>\n<p>I\u0161matavimai: 124 * 84 * 23 mm<\/p>\n<p>Svoris: 400 g<\/p>\n","protected":false},"excerpt":{"rendered":"<p>Kodin\u0117 klaviat\u016bra M1 skirta pra\u0117jimo kontrol\u0117s sistemoms. \u0160iuolaiki\u0161kas dizainas, baltos spalvos ap\u0161vietimas. Aliumininis korpusas.<\/p>\n","protected":false},"featured_media":2791,"comment_status":"open","ping_status":"closed","template":"","meta":[],"product_brand":[],"product_cat":[28],"product_tag":[438],"class_list":{"0":"post-2790","1":"product","2":"type-product","3":"status-publish","4":"has-post-thumbnail","6":"product_cat-kodines-klaviaturos","7":"product_tag-kodine-klavaiatura","9":"first","10":"instock","11":"shipping-taxable","12":"purchasable","13":"product-type-simple"},"jetpack_sharing_enabled":true,"_links":{"self":[{"href":"https:\/\/apsaugos.lt\/index.php?rest_route=\/wp\/v2\/product\/2790","targetHints":{"allow":["GET"]}}],"collection":[{"href":"https:\/\/apsaugos.lt\/index.php?rest_route=\/wp\/v2\/product"}],"about":[{"href":"https:\/\/apsaugos.lt\/index.php?rest_route=\/wp\/v2\/types\/product"}],"replies":[{"embeddable":true,"href":"https:\/\/apsaugos.lt\/index.php?rest_route=%2Fwp%2Fv2%2Fcomments&post=2790"}],"wp:featuredmedia":[{"embeddable":true,"href":"https:\/\/apsaugos.lt\/index.php?rest_route=\/wp\/v2\/media\/2791"}],"wp:attachment":[{"href":"https:\/\/apsaugos.lt\/index.php?rest_route=%2Fwp%2Fv2%2Fmedia&parent=2790"}],"wp:term":[{"taxonomy":"product_brand","embeddable":true,"href":"https:\/\/apsaugos.lt\/index.php?rest_route=%2Fwp%2Fv2%2Fproduct_brand&post=2790"},{"taxonomy":"product_cat","embeddable":true,"href":"https:\/\/apsaugos.lt\/index.php?rest_route=%2Fwp%2Fv2%2Fproduct_cat&post=2790"},{"taxonomy":"product_tag","embeddable":true,"href":"https:\/\/apsaugos.lt\/index.php?rest_route=%2Fwp%2Fv2%2Fproduct_tag&post=2790"}],"curies":[{"name":"wp","href":"https:\/\/api.w.org\/{rel}","templated":true}]}}