{"id":2797,"date":"2021-03-24T09:45:43","date_gmt":"2021-03-24T07:45:43","guid":{"rendered":"https:\/\/apsaugos.lt\/?post_type=product&#038;p=2797"},"modified":"2021-03-24T09:47:06","modified_gmt":"2021-03-24T07:47:06","slug":"4g-kamera-su-saules-baterija","status":"publish","type":"product","link":"https:\/\/apsaugos.lt\/?product=4g-kamera-su-saules-baterija","title":{"rendered":"4G kamera su saul\u0117s baterija"},"content":{"rendered":"<p>Vaizdo jutiklis :\u00a0 CMOS jutiklis 1 \/ 2.7 PS5230<br \/>\nRai\u0161ka :\u00a0 2 MPX<br \/>\nObjektyvas : 3,1 mm<br \/>\nVaizdo kampas :\u00a0 92 laipsniai<br \/>\nDiena naktis funkcija : TAIP<br \/>\nVideo transliavimas : 1920 * 1080p @ 15 kadr\u0173 per sekund\u0119<br \/>\nCMOS opcijos : Palaikantis automatin\u012f baltos spalvos balans\u0105 \/ AGC \/ automatin\u012f ap\u0161vietimo kompensavim\u0105<br \/>\nSistema\u00a0 ( Operacin\u0117 ) : \u201eLite\u201c OS<br \/>\nBud\u0117jimo laikas : 4 m\u0117nesiai<br \/>\nPajungimas :\u00a0 QR kodo skanavimas ( ClouD )<br \/>\nJud\u0117sio detekcijos funkcija : PIR<\/p>\n<p>PIR suveikimo atstumas : 8 metrai<\/p>\n<p>4G : LTE belaid\u017eio ry\u0161io modulis<br \/>\nTinklo protokolas : FDD-LTE, TDD-LTE, TCP \/ IP, HTTP, TCP, UDP, SMTP, DHCP, DNS, P2P<br \/>\nMaitinimas : 5 V saul\u0117s kolektorius \u012fkrauna 4 vnt. 18650 2200mAH<br \/>\nDarbin\u0117 temperat\u016bra :\u00a0 -10 \u2103 &#8211; + 50 \u2103<br \/>\nDarbin\u0117 dr\u0117gm\u0117 : RH &lt;80%<\/p>\n","protected":false},"excerpt":{"rendered":"<p>Belaid\u0117 4G kamera. Maitinimas nuo baterijos ir saul\u0117s modulio. Palaiko mobil\u0173 4G ry\u0161\u012f. 1080P rai\u0161k\u0105.\u00a0 Jud\u0117sio detekcijos funkcija . Paprastas ir greitas montavimas .<\/p>\n","protected":false},"featured_media":2798,"comment_status":"open","ping_status":"closed","template":"","meta":[],"product_brand":[],"product_cat":[452],"product_tag":[448,451,449,450],"class_list":{"0":"post-2797","1":"product","2":"type-product","3":"status-publish","4":"has-post-thumbnail","6":"product_cat-4g-kameros","7":"product_tag-4g-kamera","8":"product_tag-4g-kameros","9":"product_tag-belaide-kamera","10":"product_tag-kamera-su-sim-kortele","12":"first","13":"instock","14":"shipping-taxable","15":"purchasable","16":"product-type-simple"},"jetpack_sharing_enabled":true,"_links":{"self":[{"href":"https:\/\/apsaugos.lt\/index.php?rest_route=\/wp\/v2\/product\/2797","targetHints":{"allow":["GET"]}}],"collection":[{"href":"https:\/\/apsaugos.lt\/index.php?rest_route=\/wp\/v2\/product"}],"about":[{"href":"https:\/\/apsaugos.lt\/index.php?rest_route=\/wp\/v2\/types\/product"}],"replies":[{"embeddable":true,"href":"https:\/\/apsaugos.lt\/index.php?rest_route=%2Fwp%2Fv2%2Fcomments&post=2797"}],"wp:featuredmedia":[{"embeddable":true,"href":"https:\/\/apsaugos.lt\/index.php?rest_route=\/wp\/v2\/media\/2798"}],"wp:attachment":[{"href":"https:\/\/apsaugos.lt\/index.php?rest_route=%2Fwp%2Fv2%2Fmedia&parent=2797"}],"wp:term":[{"taxonomy":"product_brand","embeddable":true,"href":"https:\/\/apsaugos.lt\/index.php?rest_route=%2Fwp%2Fv2%2Fproduct_brand&post=2797"},{"taxonomy":"product_cat","embeddable":true,"href":"https:\/\/apsaugos.lt\/index.php?rest_route=%2Fwp%2Fv2%2Fproduct_cat&post=2797"},{"taxonomy":"product_tag","embeddable":true,"href":"https:\/\/apsaugos.lt\/index.php?rest_route=%2Fwp%2Fv2%2Fproduct_tag&post=2797"}],"curies":[{"name":"wp","href":"https:\/\/api.w.org\/{rel}","templated":true}]}}