{"id":2823,"date":"2021-10-12T17:29:51","date_gmt":"2021-10-12T15:29:51","guid":{"rendered":"https:\/\/apsaugos.lt\/?post_type=product&#038;p=2823"},"modified":"2021-10-12T17:29:52","modified_gmt":"2021-10-12T15:29:52","slug":"usb-korteliu-skaitytuvas-zkteco-cr10e","status":"publish","type":"product","link":"https:\/\/apsaugos.lt\/?product=usb-korteliu-skaitytuvas-zkteco-cr10e","title":{"rendered":"USB korteli\u0173 skaitytuvas ZKteco CR10E"},"content":{"rendered":"<p lang=\"lt-LT\">Korteli\u0173 skaitytuvas skirtas darbui su programin\u0119 \u012franga. Nuskaito kortel\u0117s ( 26 Bit EM tipo ) duomenys \u012f J\u016bs\u0173 turimos programos lang\u0105 arba \u012f tekstin\u012f dokument\u0105.<\/p>\n<p lang=\"lt-LT\">\n","protected":false},"excerpt":{"rendered":"<p>Nuskaitomas da\u017enis : 125 Khz<\/p>\n<p>Naskaitimo atstumas : iki 2 CM<\/p>\n<p>Nuskaitomas\u00a0 formatas : Tik kortels numeris skai\u010diais<\/p>\n<p>Maitinimo \u012ftampa : 5 V USB<\/p>\n","protected":false},"featured_media":2824,"comment_status":"open","ping_status":"closed","template":"","meta":[],"product_brand":[],"product_cat":[25,74],"product_tag":[454,455,22,453],"class_list":{"0":"post-2823","1":"product","2":"type-product","3":"status-publish","4":"has-post-thumbnail","6":"product_cat-korteliu-skaitytuvai","7":"product_cat-priedai-aksesuarai","8":"product_tag-korteliu-skaitytuvas","9":"product_tag-usb-korteliu-skaitytuvas","10":"product_tag-zkteco","11":"product_tag-zkteco-cr10e","13":"first","14":"instock","15":"shipping-taxable","16":"purchasable","17":"product-type-simple"},"jetpack_sharing_enabled":true,"_links":{"self":[{"href":"https:\/\/apsaugos.lt\/index.php?rest_route=\/wp\/v2\/product\/2823","targetHints":{"allow":["GET"]}}],"collection":[{"href":"https:\/\/apsaugos.lt\/index.php?rest_route=\/wp\/v2\/product"}],"about":[{"href":"https:\/\/apsaugos.lt\/index.php?rest_route=\/wp\/v2\/types\/product"}],"replies":[{"embeddable":true,"href":"https:\/\/apsaugos.lt\/index.php?rest_route=%2Fwp%2Fv2%2Fcomments&post=2823"}],"wp:featuredmedia":[{"embeddable":true,"href":"https:\/\/apsaugos.lt\/index.php?rest_route=\/wp\/v2\/media\/2824"}],"wp:attachment":[{"href":"https:\/\/apsaugos.lt\/index.php?rest_route=%2Fwp%2Fv2%2Fmedia&parent=2823"}],"wp:term":[{"taxonomy":"product_brand","embeddable":true,"href":"https:\/\/apsaugos.lt\/index.php?rest_route=%2Fwp%2Fv2%2Fproduct_brand&post=2823"},{"taxonomy":"product_cat","embeddable":true,"href":"https:\/\/apsaugos.lt\/index.php?rest_route=%2Fwp%2Fv2%2Fproduct_cat&post=2823"},{"taxonomy":"product_tag","embeddable":true,"href":"https:\/\/apsaugos.lt\/index.php?rest_route=%2Fwp%2Fv2%2Fproduct_tag&post=2823"}],"curies":[{"name":"wp","href":"https:\/\/api.w.org\/{rel}","templated":true}]}}