{"id":2825,"date":"2021-10-12T18:13:48","date_gmt":"2021-10-12T16:13:48","guid":{"rendered":"https:\/\/apsaugos.lt\/?post_type=product&#038;p=2825"},"modified":"2021-10-12T18:13:49","modified_gmt":"2021-10-12T16:13:49","slug":"dinaminis-veidu-nuskaitymo-terminalas-xface50","status":"publish","type":"product","link":"https:\/\/apsaugos.lt\/?product=dinaminis-veidu-nuskaitymo-terminalas-xface50","title":{"rendered":"Dinaminis veid\u0173 nuskaitymo terminalas Xface50"},"content":{"rendered":"<p>Xface50 terminalas skirtas darbo laiko apskaitai bekontak\u010di\u0173 b\u016bd\u0173. Darbuotojas praeina pro terminal\u0105, jo atvaizdas fiksuojamas bei vikdoma darbo laiko apskaita.<\/p>\n<p>Dirba su zktevo time programine \u012franga. Puikiai tinka turniket\u0173 bei siauri\u0173 praejim\u0173 montavimui. Belaidis LAN tinklas, maitinimas nuo 12 V maitinimo \u0161altinio.<\/p>\n","protected":false},"excerpt":{"rendered":"<p>Ekranas: 2,8 colio jutiklinis<br \/>\nVeid\u0173 talpa: 800<br \/>\nAtmintis: 150 000 \u012fviki\u0173<br \/>\nOperacin\u0117 sistema: Linux<br \/>\nStandartin\u0117s funkcijos: T9 \u012fvestis, kamera, 9 skaitmen\u0173 vartotojo ID, \u012fra\u0161o u\u017eklausa, darbo kodas<br \/>\nJungtis: WIFI<br \/>\nVeido atpa\u017einimo greitis: \u22641 s<br \/>\nBiometrijos algoritmai: ZKFace V5.8<br \/>\nMaitinimo \u0161altinis: 12V 2A<br \/>\nDarbin\u0117 dr\u0117gm\u0117: 20% &#8211; 80%<br \/>\nDarbin\u0117 temperat\u016bra: 0 \u00b0 C &#8211; 45 \u00b0 C<br \/>\nMatmenys: 100 * 100 * 23,5 (mm)<\/p>\n","protected":false},"featured_media":2826,"comment_status":"open","ping_status":"closed","template":"","meta":[],"product_brand":[],"product_cat":[21],"product_tag":[457,22,456],"class_list":{"0":"post-2825","1":"product","2":"type-product","3":"status-publish","4":"has-post-thumbnail","6":"product_cat-pirstu-antspaudu-veido-skaitytuvai","7":"product_tag-xface50","8":"product_tag-zkteco","9":"product_tag-zkteco-xface50","11":"first","12":"instock","13":"shipping-taxable","14":"purchasable","15":"product-type-simple"},"jetpack_sharing_enabled":true,"_links":{"self":[{"href":"https:\/\/apsaugos.lt\/index.php?rest_route=\/wp\/v2\/product\/2825","targetHints":{"allow":["GET"]}}],"collection":[{"href":"https:\/\/apsaugos.lt\/index.php?rest_route=\/wp\/v2\/product"}],"about":[{"href":"https:\/\/apsaugos.lt\/index.php?rest_route=\/wp\/v2\/types\/product"}],"replies":[{"embeddable":true,"href":"https:\/\/apsaugos.lt\/index.php?rest_route=%2Fwp%2Fv2%2Fcomments&post=2825"}],"wp:featuredmedia":[{"embeddable":true,"href":"https:\/\/apsaugos.lt\/index.php?rest_route=\/wp\/v2\/media\/2826"}],"wp:attachment":[{"href":"https:\/\/apsaugos.lt\/index.php?rest_route=%2Fwp%2Fv2%2Fmedia&parent=2825"}],"wp:term":[{"taxonomy":"product_brand","embeddable":true,"href":"https:\/\/apsaugos.lt\/index.php?rest_route=%2Fwp%2Fv2%2Fproduct_brand&post=2825"},{"taxonomy":"product_cat","embeddable":true,"href":"https:\/\/apsaugos.lt\/index.php?rest_route=%2Fwp%2Fv2%2Fproduct_cat&post=2825"},{"taxonomy":"product_tag","embeddable":true,"href":"https:\/\/apsaugos.lt\/index.php?rest_route=%2Fwp%2Fv2%2Fproduct_tag&post=2825"}],"curies":[{"name":"wp","href":"https:\/\/api.w.org\/{rel}","templated":true}]}}